{"id":17333,"date":"2022-09-20T15:20:48","date_gmt":"2022-09-20T15:20:48","guid":{"rendered":"https:\/\/desarrolloweb.cistec.es\/acmplean\/services\/conseil-pour-lamelioration-de-lefficience\/assurance-qualite\/controle-statistique-des-processus-spc\/"},"modified":"2022-10-25T11:38:34","modified_gmt":"2022-10-25T11:38:34","slug":"controle-statistique-des-processus-spc","status":"publish","type":"page","link":"https:\/\/acmplean.com\/fr\/services\/conseil-pour-lamelioration-de-lefficience\/assurance-qualite\/controle-statistique-des-processus-spc\/","title":{"rendered":"Contr\u00f4le statistique des processus SPC"},"content":{"rendered":"<p>[et_pb_section fb_built=\u00a0\u00bb1&Prime; admin_label=\u00a0\u00bbHeader\u00a0\u00bb _builder_version=\u00a0\u00bb4.17.4&Prime; _module_preset=\u00a0\u00bbdefault\u00a0\u00bb background_color=\u00a0\u00bb#a89982&Prime; use_background_color_gradient=\u00a0\u00bbon\u00a0\u00bb background_color_gradient_stops=\u00a0\u00bbrgba(168,153,130,0.54) 24%|#564e43 100%\u00a0\u00bb background_color_gradient_overlays_image=\u00a0\u00bbon\u00a0\u00bb background_color_gradient_start=\u00a0\u00bb#3f3fff\u00a0\u00bb background_color_gradient_end=\u00a0\u00bbrgba(63,63,255,0.3)\u00a0\u00bb background_image=\u00a0\u00bbhttps:\/\/acmplean.com\/wp-content\/uploads\/2017\/03\/identificar-problemas-e1663686743111.jpg\u00a0\u00bb min_height=\u00a0\u00bb400px\u00a0\u00bb custom_margin=\u00a0\u00bb0px||||false|false\u00a0\u00bb custom_padding=\u00a0\u00bb108px|||||\u00a0\u00bb global_colors_info=\u00a0\u00bb{}\u00a0\u00bb][et_pb_row _builder_version=\u00a0\u00bb4.17.4&Prime; _module_preset=\u00a0\u00bbdefault\u00a0\u00bb custom_margin=\u00a0\u00bb43px||||false|false\u00a0\u00bb global_colors_info=\u00a0\u00bb{}\u00a0\u00bb][et_pb_column type=\u00a0\u00bb4_4&Prime; _builder_version=\u00a0\u00bb4.16&Prime; _module_preset=\u00a0\u00bbdefault\u00a0\u00bb global_colors_info=\u00a0\u00bb{}\u00a0\u00bb][et_pb_text _builder_version=\u00a0\u00bb4.17.4&Prime; _module_preset=\u00a0\u00bbdefault\u00a0\u00bb text_font=\u00a0\u00bbInter||||||||\u00a0\u00bb text_font_size=\u00a0\u00bb40px\u00a0\u00bb text_line_height=\u00a0\u00bb2em\u00a0\u00bb header_3_font=\u00a0\u00bbMerriweather||||||||\u00a0\u00bb header_3_font_size=\u00a0\u00bb40px\u00a0\u00bb header_3_line_height=\u00a0\u00bb1.4em\u00a0\u00bb text_orientation=\u00a0\u00bbcenter\u00a0\u00bb max_width=\u00a0\u00bb800px\u00a0\u00bb max_width_tablet=\u00a0\u00bb600px\u00a0\u00bb max_width_phone=\u00a0\u00bb400px\u00a0\u00bb max_width_last_edited=\u00a0\u00bbon|phone\u00a0\u00bb module_alignment=\u00a0\u00bbcenter\u00a0\u00bb header_3_font_size_tablet=\u00a0\u00bb36px\u00a0\u00bb header_3_font_size_phone=\u00a0\u00bb24px\u00a0\u00bb header_3_font_size_last_edited=\u00a0\u00bbon|desktop\u00a0\u00bb locked=\u00a0\u00bboff\u00a0\u00bb inline_fonts=\u00a0\u00bbSignika,Actor,Inter\u00a0\u00bb global_colors_info=\u00a0\u00bb{}\u00a0\u00bb]<\/p>\n<h3><span style=\"color: #ffffff; font-family: Inter;\">Contr\u00f4le statistique des processus SPC<\/span><\/h3>\n<p><span style=\"color: #ffffff; font-family: Inter;\">SPC<\/span><\/p>\n<p>[\/et_pb_text][\/et_pb_column][\/et_pb_row][\/et_pb_section][et_pb_section fb_built=\u00a0\u00bb1&Prime; custom_padding_last_edited=\u00a0\u00bboff|desktop\u00a0\u00bb admin_label=\u00a0\u00bbContact\u00a0\u00bb _builder_version=\u00a0\u00bb4.16&Prime; _module_preset=\u00a0\u00bbdefault\u00a0\u00bb custom_padding=\u00a0\u00bb0px||2px|||\u00a0\u00bb custom_padding_phone=\u00a0\u00bb60px||60px||true|false\u00a0\u00bb global_colors_info=\u00a0\u00bb{}\u00a0\u00bb][et_pb_row column_structure=\u00a0\u00bb3_5,2_5&Prime; make_equal=\u00a0\u00bbon\u00a0\u00bb _builder_version=\u00a0\u00bb4.17.4&Prime; _module_preset=\u00a0\u00bbdefault\u00a0\u00bb background_enable_image=\u00a0\u00bboff\u00a0\u00bb width=\u00a0\u00bb100%\u00a0\u00bb max_width=\u00a0\u00bb100%\u00a0\u00bb min_height=\u00a0\u00bb491px\u00a0\u00bb custom_margin=\u00a0\u00bb|auto|-6px|auto||\u00a0\u00bb custom_padding=\u00a0\u00bb0px||0px||true|false\u00a0\u00bb global_colors_info=\u00a0\u00bb{}\u00a0\u00bb][et_pb_column type=\u00a0\u00bb3_5&Prime; _builder_version=\u00a0\u00bb4.16&Prime; _module_preset=\u00a0\u00bbdefault\u00a0\u00bb background_color=\u00a0\u00bbrgba(0,0,0,0)\u00a0\u00bb custom_padding=\u00a0\u00bb100px|40px|100px|40px|true|true\u00a0\u00bb custom_padding_tablet=\u00a0\u00bb\u00a0\u00bb custom_padding_phone=\u00a0\u00bb60px||60px||true|false\u00a0\u00bb custom_padding_last_edited=\u00a0\u00bbon|desktop\u00a0\u00bb global_colors_info=\u00a0\u00bb{}\u00a0\u00bb][et_pb_text _builder_version=\u00a0\u00bb4.17.4&Prime; _module_preset=\u00a0\u00bbdefault\u00a0\u00bb text_text_color=\u00a0\u00bb#22272a\u00a0\u00bb text_font_size=\u00a0\u00bb16px\u00a0\u00bb text_line_height=\u00a0\u00bb2em\u00a0\u00bb header_3_font=\u00a0\u00bbMerriweather||||||||\u00a0\u00bb header_3_font_size=\u00a0\u00bb40px\u00a0\u00bb header_3_line_height=\u00a0\u00bb1.4em\u00a0\u00bb text_orientation=\u00a0\u00bbcenter\u00a0\u00bb max_width=\u00a0\u00bb800px\u00a0\u00bb max_width_tablet=\u00a0\u00bb600px\u00a0\u00bb max_width_phone=\u00a0\u00bb400px\u00a0\u00bb max_width_last_edited=\u00a0\u00bbon|phone\u00a0\u00bb module_alignment=\u00a0\u00bbcenter\u00a0\u00bb custom_padding=\u00a0\u00bb||0px|||\u00a0\u00bb header_3_font_size_tablet=\u00a0\u00bb36px\u00a0\u00bb header_3_font_size_phone=\u00a0\u00bb24px\u00a0\u00bb header_3_font_size_last_edited=\u00a0\u00bbon|desktop\u00a0\u00bb locked=\u00a0\u00bboff\u00a0\u00bb inline_fonts=\u00a0\u00bbSignika,Actor,Inter\u00a0\u00bb global_colors_info=\u00a0\u00bb{}\u00a0\u00bb]<\/p>\n<h3 style=\"text-align: left;\"><span style=\"font-family: Inter; font-weight: medium;\">Description <\/span><\/h3>\n<div class=\"main main__case main__text\">\n<p style=\"text-align: left;\">Il est bien connu que tous les processus ont des variations et que, dans la mesure o\u00f9 nous pouvons conna\u00eetre leurs causes, nous serons en mesure de les r\u00e9duire.<\/p>\n<p style=\"text-align: left;\">L\u2019objectif du Contr\u00f4le Statistique de Processus (SPC) est de contr\u00f4ler cette variation afin de pouvoir pr\u00e9dire le r\u00e9sultat du processus et apporter les modifications qui permettront d\u2019am\u00e9liorer ce dernier. Le contr\u00f4le statistique du processus (SPC) est l\u2019utilisation de techniques statistiques pour analyser un processus ou ses r\u00e9sultats et prendre des mesures appropri\u00e9es pour atteindre et maintenir sa stabilit\u00e9 et am\u00e9liorer sa capacit\u00e9. <\/p>\n<\/div>\n<div class=\"text-2col\">\n<div class=\"text-2col__col1\"><\/div>\n<\/div>\n<p>[\/et_pb_text][et_pb_button button_url=\u00a0\u00bbhttps:\/\/acmplean.com\/fr\/contact\/\u00a0\u00bb url_new_window=\u00a0\u00bbon\u00a0\u00bb button_text=\u00a0\u00bbDemandez plus d&rsquo;informations.\u00a0\u00bb button_alignment=\u00a0\u00bbleft\u00a0\u00bb _builder_version=\u00a0\u00bb4.17.4&Prime; _module_preset=\u00a0\u00bbdefault\u00a0\u00bb custom_button=\u00a0\u00bbon\u00a0\u00bb button_text_size=\u00a0\u00bb14px\u00a0\u00bb button_text_color=\u00a0\u00bb#ffffff\u00a0\u00bb button_bg_color=\u00a0\u00bb#f29400&Prime; button_border_width=\u00a0\u00bb0px\u00a0\u00bb button_border_radius=\u00a0\u00bb0px\u00a0\u00bb button_letter_spacing=\u00a0\u00bb1px\u00a0\u00bb button_font=\u00a0\u00bb|700||on|||||\u00a0\u00bb custom_padding=\u00a0\u00bb16px|28px|16px|28px|true|true\u00a0\u00bb locked=\u00a0\u00bboff\u00a0\u00bb global_colors_info=\u00a0\u00bb{}\u00a0\u00bb box_shadow_color__hover=\u00a0\u00bb#2585b2&Prime; box_shadow_blur__hover_enabled=\u00a0\u00bbon\u00a0\u00bb box_shadow_blur__hover=\u00a0\u00bb40px\u00a0\u00bb box_shadow_vertical__hover_enabled=\u00a0\u00bbon\u00a0\u00bb box_shadow_vertical__hover=\u00a0\u00bb20px\u00a0\u00bb][\/et_pb_button][\/et_pb_column][et_pb_column type=\u00a0\u00bb2_5&Prime; _builder_version=\u00a0\u00bb4.17.4&Prime; _module_preset=\u00a0\u00bbdefault\u00a0\u00bb background_enable_color=\u00a0\u00bboff\u00a0\u00bb use_background_color_gradient=\u00a0\u00bbon\u00a0\u00bb background_color_gradient_stops=\u00a0\u00bb#ef9e1b 0%|rgba(255,255,255,0.55) 100%\u00a0\u00bb background_color_gradient_overlays_image=\u00a0\u00bbon\u00a0\u00bb background_color_gradient_start=\u00a0\u00bb#ffce32&Prime; background_color_gradient_end=\u00a0\u00bbrgba(255,255,255,0.55)\u00a0\u00bb background_image=\u00a0\u00bbhttps:\/\/acmplean.com\/wp-content\/uploads\/2022\/06\/Iosu-en-fabrica-1024&#215;683-1.jpg\u00a0\u00bb custom_padding=\u00a0\u00bb100px|40px|100px|40px|true|true\u00a0\u00bb custom_padding_tablet=\u00a0\u00bb\u00a0\u00bb custom_padding_phone=\u00a0\u00bb60px||60px||true|false\u00a0\u00bb custom_padding_last_edited=\u00a0\u00bbon|desktop\u00a0\u00bb global_colors_info=\u00a0\u00bb{}\u00a0\u00bb][et_pb_text _builder_version=\u00a0\u00bb4.17.4&Prime; _module_preset=\u00a0\u00bbdefault\u00a0\u00bb text_text_color=\u00a0\u00bb#22272a\u00a0\u00bb text_font_size=\u00a0\u00bb16px\u00a0\u00bb text_line_height=\u00a0\u00bb0.8em\u00a0\u00bb header_3_font=\u00a0\u00bbMerriweather||||||||\u00a0\u00bb header_3_font_size=\u00a0\u00bb40px\u00a0\u00bb header_3_line_height=\u00a0\u00bb1.4em\u00a0\u00bb text_orientation=\u00a0\u00bbcenter\u00a0\u00bb max_width=\u00a0\u00bb800px\u00a0\u00bb max_width_tablet=\u00a0\u00bb600px\u00a0\u00bb max_width_phone=\u00a0\u00bb400px\u00a0\u00bb max_width_last_edited=\u00a0\u00bbon|phone\u00a0\u00bb module_alignment=\u00a0\u00bbcenter\u00a0\u00bb custom_padding=\u00a0\u00bb0px|||||\u00a0\u00bb header_3_font_size_tablet=\u00a0\u00bb36px\u00a0\u00bb header_3_font_size_phone=\u00a0\u00bb24px\u00a0\u00bb header_3_font_size_last_edited=\u00a0\u00bbon|desktop\u00a0\u00bb locked=\u00a0\u00bboff\u00a0\u00bb inline_fonts=\u00a0\u00bbSignika,Actor,Inter\u00a0\u00bb global_colors_info=\u00a0\u00bb{}\u00a0\u00bb]<\/p>\n<h3 style=\"text-align: center;\"><span style=\"font-family: Inter; font-weight: medium;\">Que r\u00e9sout-il?<\/span><\/h3>\n<ul>\n<li style=\"text-align: left;\">Contr\u00f4ler la variation du processus<\/li>\n<li style=\"text-align: left;\">R\u00e9duire les co\u00fbts et am\u00e9liorer les processus.<\/li>\n<li style=\"text-align: left;\">R\u00e9duire les d\u00e9chets dans les processus de fabrication.<\/li>\n<li style=\"text-align: left;\">\u00c9valuer et am\u00e9liorer la capacit\u00e9 des processus.<\/li>\n<\/ul>\n<p>[\/et_pb_text][et_pb_text _builder_version=\u00a0\u00bb4.17.4&Prime; _module_preset=\u00a0\u00bbdefault\u00a0\u00bb text_text_color=\u00a0\u00bb#22272a\u00a0\u00bb text_font_size=\u00a0\u00bb16px\u00a0\u00bb text_line_height=\u00a0\u00bb2em\u00a0\u00bb header_3_font=\u00a0\u00bbMerriweather||||||||\u00a0\u00bb header_3_font_size=\u00a0\u00bb40px\u00a0\u00bb header_3_line_height=\u00a0\u00bb1.4em\u00a0\u00bb text_orientation=\u00a0\u00bbcenter\u00a0\u00bb max_width=\u00a0\u00bb800px\u00a0\u00bb max_width_tablet=\u00a0\u00bb600px\u00a0\u00bb max_width_phone=\u00a0\u00bb400px\u00a0\u00bb max_width_last_edited=\u00a0\u00bbon|phone\u00a0\u00bb module_alignment=\u00a0\u00bbcenter\u00a0\u00bb header_3_font_size_tablet=\u00a0\u00bb36px\u00a0\u00bb header_3_font_size_phone=\u00a0\u00bb24px\u00a0\u00bb header_3_font_size_last_edited=\u00a0\u00bbon|desktop\u00a0\u00bb locked=\u00a0\u00bboff\u00a0\u00bb inline_fonts=\u00a0\u00bbSignika,Actor,Inter\u00a0\u00bb global_colors_info=\u00a0\u00bb{}\u00a0\u00bb]<\/p>\n<h3><span style=\"font-family: Inter; font-weight: medium;\">Comment l&rsquo;appliquer?<\/span><\/h3>\n<ul>\n<li style=\"text-align: left;\">Choix de la ou des variables \u00e0 surveiller et du type de graphique appropri\u00e9<\/li>\n<li style=\"text-align: left;\">Collecte de donn\u00e9es par processus chronologique<\/li>\n<li style=\"text-align: left;\">Calculer la ligne centrale et les limites de contr\u00f4le<\/li>\n<li style=\"text-align: left;\">Dessiner le graphique<\/li>\n<li style=\"text-align: left;\">Identifier et \u00e9liminer les causes sp\u00e9ciales de variation<\/li>\n<\/ul>\n<p>[\/et_pb_text][\/et_pb_column][\/et_pb_row][\/et_pb_section][et_pb_section fb_built=\u00a0\u00bb1&Prime; _builder_version=\u00a0\u00bb4.17.3&Prime; _module_preset=\u00a0\u00bbdefault\u00a0\u00bb background_color=\u00a0\u00bbrgba(216,216,216,0.24)\u00a0\u00bb min_height=\u00a0\u00bb552.7px\u00a0\u00bb custom_margin=\u00a0\u00bb2px||-4px|||\u00a0\u00bb custom_padding=\u00a0\u00bb54px|||||\u00a0\u00bb global_colors_info=\u00a0\u00bb{}\u00a0\u00bb disabled_on=\u00a0\u00bbon|on|on\u00a0\u00bb disabled=\u00a0\u00bbon\u00a0\u00bb][et_pb_row _builder_version=\u00a0\u00bb4.17.3&Prime; _module_preset=\u00a0\u00bbdefault\u00a0\u00bb global_colors_info=\u00a0\u00bb{}\u00a0\u00bb][et_pb_column type=\u00a0\u00bb4_4&Prime; _builder_version=\u00a0\u00bb4.17.3&Prime; _module_preset=\u00a0\u00bbdefault\u00a0\u00bb global_colors_info=\u00a0\u00bb{}\u00a0\u00bb][et_pb_text _builder_version=\u00a0\u00bb4.17.4&Prime; _module_preset=\u00a0\u00bbdefault\u00a0\u00bb text_text_color=\u00a0\u00bb#22272a\u00a0\u00bb text_font_size=\u00a0\u00bb16px\u00a0\u00bb text_line_height=\u00a0\u00bb2em\u00a0\u00bb header_3_font=\u00a0\u00bbMerriweather||||||||\u00a0\u00bb header_3_font_size=\u00a0\u00bb40px\u00a0\u00bb header_3_line_height=\u00a0\u00bb1.4em\u00a0\u00bb text_orientation=\u00a0\u00bbcenter\u00a0\u00bb max_width=\u00a0\u00bb800px\u00a0\u00bb max_width_tablet=\u00a0\u00bb600px\u00a0\u00bb max_width_phone=\u00a0\u00bb400px\u00a0\u00bb max_width_last_edited=\u00a0\u00bbon|phone\u00a0\u00bb module_alignment=\u00a0\u00bbcenter\u00a0\u00bb custom_padding=\u00a0\u00bb||0px|||\u00a0\u00bb header_3_font_size_tablet=\u00a0\u00bb36px\u00a0\u00bb header_3_font_size_phone=\u00a0\u00bb24px\u00a0\u00bb header_3_font_size_last_edited=\u00a0\u00bbon|desktop\u00a0\u00bb locked=\u00a0\u00bboff\u00a0\u00bb inline_fonts=\u00a0\u00bbSignika,Actor,Inter\u00a0\u00bb global_colors_info=\u00a0\u00bb{}\u00a0\u00bb]<\/p>\n<h3 style=\"text-align: center;\"><span style=\"font-family: Inter; font-weight: medium;\">Cas pratiques <\/span><\/h3>\n<p>[\/et_pb_text][\/et_pb_column][\/et_pb_row][et_pb_row _builder_version=\u00a0\u00bb4.17.3&Prime; _module_preset=\u00a0\u00bbdefault\u00a0\u00bb custom_margin=\u00a0\u00bb|auto|1px|auto||\u00a0\u00bb custom_padding=\u00a0\u00bb||0px|||\u00a0\u00bb global_colors_info=\u00a0\u00bb{}\u00a0\u00bb][et_pb_column type=\u00a0\u00bb4_4&Prime; _builder_version=\u00a0\u00bb4.17.3&Prime; _module_preset=\u00a0\u00bbdefault\u00a0\u00bb global_colors_info=\u00a0\u00bb{}\u00a0\u00bb][et_pb_blog fullwidth=\u00a0\u00bboff\u00a0\u00bb posts_number=\u00a0\u00bb3&Prime; include_categories=\u00a0\u00bb23&Prime; excerpt_length=\u00a0\u00bb100&Prime; show_author=\u00a0\u00bboff\u00a0\u00bb show_date=\u00a0\u00bboff\u00a0\u00bb show_pagination=\u00a0\u00bboff\u00a0\u00bb use_overlay=\u00a0\u00bbon\u00a0\u00bb overlay_icon_color=\u00a0\u00bbgcid-7d13f1ee-1cdc-410a-a54b-8b1e62457547&Prime; hover_overlay_color=\u00a0\u00bbgcid-8bddb98d-fc25-4e13-b99c-957b56a33e33&Prime; hover_icon=\u00a0\u00bb&#x54;||divi||400&Prime; _builder_version=\u00a0\u00bb4.17.4&Prime; _module_preset=\u00a0\u00bbdefault\u00a0\u00bb header_line_height=\u00a0\u00bb1.5em\u00a0\u00bb meta_text_color=\u00a0\u00bbrgba(0,0,0,0.35)\u00a0\u00bb custom_padding=\u00a0\u00bb||0px|||\u00a0\u00bb global_colors_info=\u00a0\u00bb{%22gcid-7d13f1ee-1cdc-410a-a54b-8b1e62457547%22:%91%22overlay_icon_color%22%93,%22gcid-8bddb98d-fc25-4e13-b99c-957b56a33e33%22:%91%22hover_overlay_color%22%93}\u00a0\u00bb][\/et_pb_blog][\/et_pb_column][\/et_pb_row][et_pb_row _builder_version=\u00a0\u00bb4.17.4&Prime; _module_preset=\u00a0\u00bbdefault\u00a0\u00bb custom_padding=\u00a0\u00bb0px||0px|||\u00a0\u00bb global_colors_info=\u00a0\u00bb{}\u00a0\u00bb][et_pb_column type=\u00a0\u00bb4_4&Prime; _builder_version=\u00a0\u00bb4.17.4&Prime; _module_preset=\u00a0\u00bbdefault\u00a0\u00bb global_colors_info=\u00a0\u00bb{}\u00a0\u00bb][et_pb_text _builder_version=\u00a0\u00bb4.17.4&Prime; _module_preset=\u00a0\u00bbdefault\u00a0\u00bb text_text_color=\u00a0\u00bb#f29400&Prime; link_option_url=\u00a0\u00bbhttps:\/\/acmplean.com\/fr\/notre-travail\/cas-pratiques\/\u00a0\u00bb locked=\u00a0\u00bboff\u00a0\u00bb global_colors_info=\u00a0\u00bb{}\u00a0\u00bb]<\/p>\n<h3><strong>\u2192 <\/strong><strong>Plus cas pratiques<\/strong><\/h3>\n<p>[\/et_pb_text][\/et_pb_column][\/et_pb_row][\/et_pb_section][et_pb_section fb_built=\u00a0\u00bb1&Prime; _builder_version=\u00a0\u00bb4.17.4&Prime; _module_preset=\u00a0\u00bbdefault\u00a0\u00bb background_enable_image=\u00a0\u00bboff\u00a0\u00bb custom_margin=\u00a0\u00bb4px|||||\u00a0\u00bb custom_padding=\u00a0\u00bb54px||54px|||\u00a0\u00bb global_colors_info=\u00a0\u00bb{}\u00a0\u00bb disabled_on=\u00a0\u00bbon|on|on\u00a0\u00bb disabled=\u00a0\u00bbon\u00a0\u00bb][et_pb_row _builder_version=\u00a0\u00bb4.17.3&Prime; _module_preset=\u00a0\u00bbdefault\u00a0\u00bb custom_padding=\u00a0\u00bb26px|||||\u00a0\u00bb global_colors_info=\u00a0\u00bb{}\u00a0\u00bb][et_pb_column type=\u00a0\u00bb4_4&Prime; _builder_version=\u00a0\u00bb4.17.3&Prime; _module_preset=\u00a0\u00bbdefault\u00a0\u00bb global_colors_info=\u00a0\u00bb{}\u00a0\u00bb][et_pb_text _builder_version=\u00a0\u00bb4.17.4&Prime; _module_preset=\u00a0\u00bbdefault\u00a0\u00bb text_text_color=\u00a0\u00bb#22272a\u00a0\u00bb text_font_size=\u00a0\u00bb16px\u00a0\u00bb text_line_height=\u00a0\u00bb2em\u00a0\u00bb header_3_font=\u00a0\u00bbMerriweather||||||||\u00a0\u00bb header_3_font_size=\u00a0\u00bb40px\u00a0\u00bb header_3_line_height=\u00a0\u00bb1.4em\u00a0\u00bb text_orientation=\u00a0\u00bbcenter\u00a0\u00bb max_width=\u00a0\u00bb800px\u00a0\u00bb max_width_tablet=\u00a0\u00bb600px\u00a0\u00bb max_width_phone=\u00a0\u00bb400px\u00a0\u00bb max_width_last_edited=\u00a0\u00bbon|phone\u00a0\u00bb module_alignment=\u00a0\u00bbcenter\u00a0\u00bb custom_padding=\u00a0\u00bb0px|||||\u00a0\u00bb header_3_font_size_tablet=\u00a0\u00bb36px\u00a0\u00bb header_3_font_size_phone=\u00a0\u00bb24px\u00a0\u00bb header_3_font_size_last_edited=\u00a0\u00bbon|desktop\u00a0\u00bb locked=\u00a0\u00bboff\u00a0\u00bb inline_fonts=\u00a0\u00bbSignika,Actor,Inter\u00a0\u00bb global_colors_info=\u00a0\u00bb{}\u00a0\u00bb]<\/p>\n<h3><span style=\"font-family: Inter; font-weight: medium;\">Nouvelles et articles <\/span><\/h3>\n<p>[\/et_pb_text][et_pb_blog fullwidth=\u00a0\u00bboff\u00a0\u00bb posts_number=\u00a0\u00bb3&Prime; include_categories=\u00a0\u00bb4,5,9,6&Prime; excerpt_length=\u00a0\u00bb100&Prime; show_author=\u00a0\u00bboff\u00a0\u00bb show_date=\u00a0\u00bboff\u00a0\u00bb show_pagination=\u00a0\u00bboff\u00a0\u00bb use_overlay=\u00a0\u00bbon\u00a0\u00bb overlay_icon_color=\u00a0\u00bbgcid-7d13f1ee-1cdc-410a-a54b-8b1e62457547&Prime; hover_overlay_color=\u00a0\u00bbgcid-8bddb98d-fc25-4e13-b99c-957b56a33e33&Prime; hover_icon=\u00a0\u00bb&#x54;||divi||400&Prime; admin_label=\u00a0\u00bb78&Prime; _builder_version=\u00a0\u00bb4.17.4&Prime; _module_preset=\u00a0\u00bbdefault\u00a0\u00bb header_line_height=\u00a0\u00bb1.5em\u00a0\u00bb meta_text_color=\u00a0\u00bbrgba(0,0,0,0.35)\u00a0\u00bb custom_padding=\u00a0\u00bb||0px|||\u00a0\u00bb global_colors_info=\u00a0\u00bb{%22gcid-7d13f1ee-1cdc-410a-a54b-8b1e62457547%22:%91%22overlay_icon_color%22%93,%22gcid-8bddb98d-fc25-4e13-b99c-957b56a33e33%22:%91%22hover_overlay_color%22%93}\u00a0\u00bb][\/et_pb_blog][\/et_pb_column][\/et_pb_row][et_pb_row _builder_version=\u00a0\u00bb4.17.4&Prime; _module_preset=\u00a0\u00bbdefault\u00a0\u00bb custom_margin=\u00a0\u00bb-30px|auto||auto||\u00a0\u00bb custom_padding=\u00a0\u00bb6px|||||\u00a0\u00bb global_colors_info=\u00a0\u00bb{}\u00a0\u00bb][et_pb_column type=\u00a0\u00bb4_4&Prime; _builder_version=\u00a0\u00bb4.17.4&Prime; _module_preset=\u00a0\u00bbdefault\u00a0\u00bb global_colors_info=\u00a0\u00bb{}\u00a0\u00bb][et_pb_text _builder_version=\u00a0\u00bb4.17.4&Prime; _module_preset=\u00a0\u00bbdefault\u00a0\u00bb text_text_color=\u00a0\u00bb#f29400&Prime; link_option_url=\u00a0\u00bbhttps:\/\/acmplean.com\/fr\/actualite\/\u00a0\u00bb locked=\u00a0\u00bboff\u00a0\u00bb global_colors_info=\u00a0\u00bb{}\u00a0\u00bb]<\/p>\n<h3><strong>\u2192 <\/strong><strong>Voir plus des nouvelles<\/strong><\/h3>\n<p>[\/et_pb_text][\/et_pb_column][\/et_pb_row][\/et_pb_section]<\/p>\n","protected":false},"excerpt":{"rendered":"<p>Contr\u00f4le statistique des processus SPC SPCDescription Il est bien connu que tous les processus ont des variations et que, dans la mesure o\u00f9 nous pouvons conna\u00eetre leurs causes, nous serons en mesure de les r\u00e9duire. L\u2019objectif du Contr\u00f4le Statistique de Processus (SPC) est de contr\u00f4ler cette variation afin de pouvoir pr\u00e9dire le r\u00e9sultat du processus [&hellip;]<\/p>\n","protected":false},"author":3,"featured_media":0,"parent":16372,"menu_order":0,"comment_status":"closed","ping_status":"closed","template":"","meta":{"_et_pb_use_builder":"on","_et_pb_old_content":"","_et_gb_content_width":"","footnotes":""},"class_list":["post-17333","page","type-page","status-publish","hentry"],"_links":{"self":[{"href":"https:\/\/acmplean.com\/fr\/wp-json\/wp\/v2\/pages\/17333","targetHints":{"allow":["GET"]}}],"collection":[{"href":"https:\/\/acmplean.com\/fr\/wp-json\/wp\/v2\/pages"}],"about":[{"href":"https:\/\/acmplean.com\/fr\/wp-json\/wp\/v2\/types\/page"}],"author":[{"embeddable":true,"href":"https:\/\/acmplean.com\/fr\/wp-json\/wp\/v2\/users\/3"}],"replies":[{"embeddable":true,"href":"https:\/\/acmplean.com\/fr\/wp-json\/wp\/v2\/comments?post=17333"}],"version-history":[{"count":3,"href":"https:\/\/acmplean.com\/fr\/wp-json\/wp\/v2\/pages\/17333\/revisions"}],"predecessor-version":[{"id":17337,"href":"https:\/\/acmplean.com\/fr\/wp-json\/wp\/v2\/pages\/17333\/revisions\/17337"}],"up":[{"embeddable":true,"href":"https:\/\/acmplean.com\/fr\/wp-json\/wp\/v2\/pages\/16372"}],"wp:attachment":[{"href":"https:\/\/acmplean.com\/fr\/wp-json\/wp\/v2\/media?parent=17333"}],"curies":[{"name":"wp","href":"https:\/\/api.w.org\/{rel}","templated":true}]}}