{"id":17325,"date":"2022-09-20T15:00:05","date_gmt":"2022-09-20T15:00:05","guid":{"rendered":"https:\/\/desarrolloweb.cistec.es\/acmplean\/services\/conseil-pour-lamelioration-de-lefficience\/assurance-qualite\/resolution-de-problemes\/"},"modified":"2022-10-25T11:22:17","modified_gmt":"2022-10-25T11:22:17","slug":"resolution-de-problemes","status":"publish","type":"page","link":"https:\/\/acmplean.com\/fr\/services\/conseil-pour-lamelioration-de-lefficience\/assurance-qualite\/resolution-de-problemes\/","title":{"rendered":"R\u00e9solution de probl\u00e8mes"},"content":{"rendered":"<p>[et_pb_section fb_built=\u00a0\u00bb1&Prime; admin_label=\u00a0\u00bbHeader\u00a0\u00bb _builder_version=\u00a0\u00bb4.17.4&Prime; _module_preset=\u00a0\u00bbdefault\u00a0\u00bb background_color=\u00a0\u00bb#a89982&Prime; use_background_color_gradient=\u00a0\u00bbon\u00a0\u00bb background_color_gradient_stops=\u00a0\u00bbrgba(168,153,130,0.54) 0%|#564e43 100%\u00a0\u00bb background_color_gradient_overlays_image=\u00a0\u00bbon\u00a0\u00bb background_color_gradient_start=\u00a0\u00bb#3f3fff\u00a0\u00bb background_color_gradient_end=\u00a0\u00bbrgba(63,63,255,0.3)\u00a0\u00bb background_image=\u00a0\u00bbhttps:\/\/acmplean.com\/wp-content\/uploads\/2022\/09\/a3.jpg\u00a0\u00bb min_height=\u00a0\u00bb400px\u00a0\u00bb custom_margin=\u00a0\u00bb0px||||false|false\u00a0\u00bb custom_padding=\u00a0\u00bb108px|||||\u00a0\u00bb global_colors_info=\u00a0\u00bb{}\u00a0\u00bb][et_pb_row _builder_version=\u00a0\u00bb4.17.4&Prime; _module_preset=\u00a0\u00bbdefault\u00a0\u00bb custom_margin=\u00a0\u00bb43px||||false|false\u00a0\u00bb global_colors_info=\u00a0\u00bb{}\u00a0\u00bb][et_pb_column type=\u00a0\u00bb4_4&Prime; _builder_version=\u00a0\u00bb4.16&Prime; _module_preset=\u00a0\u00bbdefault\u00a0\u00bb global_colors_info=\u00a0\u00bb{}\u00a0\u00bb][et_pb_text _builder_version=\u00a0\u00bb4.17.4&Prime; _module_preset=\u00a0\u00bbdefault\u00a0\u00bb text_font=\u00a0\u00bbInter||||||||\u00a0\u00bb text_font_size=\u00a0\u00bb24px\u00a0\u00bb text_line_height=\u00a0\u00bb2em\u00a0\u00bb header_3_font=\u00a0\u00bbMerriweather||||||||\u00a0\u00bb header_3_font_size=\u00a0\u00bb40px\u00a0\u00bb header_3_line_height=\u00a0\u00bb1.4em\u00a0\u00bb text_orientation=\u00a0\u00bbcenter\u00a0\u00bb max_width=\u00a0\u00bb800px\u00a0\u00bb max_width_tablet=\u00a0\u00bb600px\u00a0\u00bb max_width_phone=\u00a0\u00bb400px\u00a0\u00bb max_width_last_edited=\u00a0\u00bbon|phone\u00a0\u00bb module_alignment=\u00a0\u00bbcenter\u00a0\u00bb header_3_font_size_tablet=\u00a0\u00bb36px\u00a0\u00bb header_3_font_size_phone=\u00a0\u00bb24px\u00a0\u00bb header_3_font_size_last_edited=\u00a0\u00bbon|desktop\u00a0\u00bb locked=\u00a0\u00bboff\u00a0\u00bb inline_fonts=\u00a0\u00bbSignika,Actor,Inter\u00a0\u00bb global_colors_info=\u00a0\u00bb{}\u00a0\u00bb]<\/p>\n<h3><span style=\"color: #ffffff; font-family: Inter;\">R\u00e9solution de probl\u00e8mes<\/span><\/h3>\n<p>[\/et_pb_text][\/et_pb_column][\/et_pb_row][\/et_pb_section][et_pb_section fb_built=\u00a0\u00bb1&Prime; custom_padding_last_edited=\u00a0\u00bboff|desktop\u00a0\u00bb admin_label=\u00a0\u00bbContact\u00a0\u00bb _builder_version=\u00a0\u00bb4.16&Prime; _module_preset=\u00a0\u00bbdefault\u00a0\u00bb custom_padding=\u00a0\u00bb0px||2px|||\u00a0\u00bb custom_padding_phone=\u00a0\u00bb60px||60px||true|false\u00a0\u00bb global_colors_info=\u00a0\u00bb{}\u00a0\u00bb][et_pb_row column_structure=\u00a0\u00bb3_5,2_5&Prime; make_equal=\u00a0\u00bbon\u00a0\u00bb _builder_version=\u00a0\u00bb4.17.4&Prime; _module_preset=\u00a0\u00bbdefault\u00a0\u00bb background_enable_image=\u00a0\u00bboff\u00a0\u00bb width=\u00a0\u00bb100%\u00a0\u00bb max_width=\u00a0\u00bb100%\u00a0\u00bb min_height=\u00a0\u00bb491px\u00a0\u00bb custom_margin=\u00a0\u00bb|auto|-6px|auto||\u00a0\u00bb custom_padding=\u00a0\u00bb0px||0px||true|false\u00a0\u00bb global_colors_info=\u00a0\u00bb{}\u00a0\u00bb][et_pb_column type=\u00a0\u00bb3_5&Prime; _builder_version=\u00a0\u00bb4.16&Prime; _module_preset=\u00a0\u00bbdefault\u00a0\u00bb background_color=\u00a0\u00bbrgba(0,0,0,0)\u00a0\u00bb custom_padding=\u00a0\u00bb100px|40px|100px|40px|true|true\u00a0\u00bb custom_padding_tablet=\u00a0\u00bb\u00a0\u00bb custom_padding_phone=\u00a0\u00bb60px||60px||true|false\u00a0\u00bb custom_padding_last_edited=\u00a0\u00bbon|desktop\u00a0\u00bb global_colors_info=\u00a0\u00bb{}\u00a0\u00bb][et_pb_text _builder_version=\u00a0\u00bb4.17.4&Prime; _module_preset=\u00a0\u00bbdefault\u00a0\u00bb text_text_color=\u00a0\u00bb#22272a\u00a0\u00bb text_font_size=\u00a0\u00bb16px\u00a0\u00bb text_line_height=\u00a0\u00bb2em\u00a0\u00bb header_3_font=\u00a0\u00bbMerriweather||||||||\u00a0\u00bb header_3_font_size=\u00a0\u00bb40px\u00a0\u00bb header_3_line_height=\u00a0\u00bb1.4em\u00a0\u00bb text_orientation=\u00a0\u00bbcenter\u00a0\u00bb max_width=\u00a0\u00bb800px\u00a0\u00bb max_width_tablet=\u00a0\u00bb600px\u00a0\u00bb max_width_phone=\u00a0\u00bb400px\u00a0\u00bb max_width_last_edited=\u00a0\u00bbon|phone\u00a0\u00bb module_alignment=\u00a0\u00bbcenter\u00a0\u00bb custom_padding=\u00a0\u00bb||0px|||\u00a0\u00bb header_3_font_size_tablet=\u00a0\u00bb36px\u00a0\u00bb header_3_font_size_phone=\u00a0\u00bb24px\u00a0\u00bb header_3_font_size_last_edited=\u00a0\u00bbon|desktop\u00a0\u00bb locked=\u00a0\u00bboff\u00a0\u00bb inline_fonts=\u00a0\u00bbSignika,Actor,Inter\u00a0\u00bb global_colors_info=\u00a0\u00bb{}\u00a0\u00bb]<\/p>\n<h3 style=\"text-align: left;\"><span style=\"font-family: Inter; font-weight: medium;\">Description <\/span><\/h3>\n<p style=\"text-align: left;\"><strong>QRQC,<\/strong> <strong>8D<\/strong> <span>et<\/span> <strong>A3<\/strong> <span>sont des m\u00e9thodologies utilis\u00e9es pour s\u2019assurer que les<\/span> <strong>causes des probl\u00e8mes<\/strong> s<span>ont<\/span> i<strong>dentifi\u00e9es et \u00e9limin\u00e9es<\/strong> syst\u00e9matiqueme<span>nt<\/span> <span>dans votre organisation.<\/span><\/p>\n<p style=\"text-align: left;\"> <span>Le premier,<\/span> <strong>QRQC<\/strong> <span>de<\/span> <em>Quick Response Quality Control,<\/em> <span>est une m\u00e9thode simple d\u2019am\u00e9lioration continue pour le contr\u00f4le de qualit\u00e9 utilis\u00e9 dans les entreprises qui ont besoin de g\u00e9rer leurs processus et de r\u00e9soudre les incidents avec agilit\u00e9.<\/span><strong><span> <\/span><\/strong><strong>8D<\/strong> <span>se r\u00e9f\u00e8re \u00e0 un processus qui est appliqu\u00e9 en huit \u00e9tapes pour r\u00e9soudre des probl\u00e8mes selon un timing d\u00e9fini.<\/span> Pour sa part, <strong>A3<\/strong> doit son nom au support sur lequel le processus d\u2019analyse prend forme.<\/p>\n<p>[\/et_pb_text][et_pb_button button_url=\u00a0\u00bbhttps:\/\/acmplean.com\/fr\/contact\/\u00a0\u00bb url_new_window=\u00a0\u00bbon\u00a0\u00bb button_text=\u00a0\u00bbDemandez plus d&rsquo;informations.\u00a0\u00bb button_alignment=\u00a0\u00bbleft\u00a0\u00bb _builder_version=\u00a0\u00bb4.17.4&Prime; _module_preset=\u00a0\u00bbdefault\u00a0\u00bb custom_button=\u00a0\u00bbon\u00a0\u00bb button_text_size=\u00a0\u00bb14px\u00a0\u00bb button_text_color=\u00a0\u00bb#ffffff\u00a0\u00bb button_bg_color=\u00a0\u00bb#f29400&Prime; button_border_width=\u00a0\u00bb0px\u00a0\u00bb button_border_radius=\u00a0\u00bb0px\u00a0\u00bb button_letter_spacing=\u00a0\u00bb1px\u00a0\u00bb button_font=\u00a0\u00bb|700||on|||||\u00a0\u00bb custom_padding=\u00a0\u00bb16px|28px|16px|28px|true|true\u00a0\u00bb locked=\u00a0\u00bboff\u00a0\u00bb global_colors_info=\u00a0\u00bb{}\u00a0\u00bb box_shadow_color__hover=\u00a0\u00bb#2585b2&Prime; box_shadow_blur__hover_enabled=\u00a0\u00bbon\u00a0\u00bb box_shadow_blur__hover=\u00a0\u00bb40px\u00a0\u00bb box_shadow_vertical__hover_enabled=\u00a0\u00bbon\u00a0\u00bb box_shadow_vertical__hover=\u00a0\u00bb20px\u00a0\u00bb][\/et_pb_button][\/et_pb_column][et_pb_column type=\u00a0\u00bb2_5&Prime; _builder_version=\u00a0\u00bb4.17.4&Prime; _module_preset=\u00a0\u00bbdefault\u00a0\u00bb background_enable_color=\u00a0\u00bboff\u00a0\u00bb use_background_color_gradient=\u00a0\u00bbon\u00a0\u00bb background_color_gradient_stops=\u00a0\u00bb#ef9e1b 0%|rgba(255,255,255,0.55) 100%\u00a0\u00bb background_color_gradient_overlays_image=\u00a0\u00bbon\u00a0\u00bb background_color_gradient_start=\u00a0\u00bb#ffce32&Prime; background_color_gradient_end=\u00a0\u00bbrgba(255,255,255,0.55)\u00a0\u00bb background_image=\u00a0\u00bbhttps:\/\/acmplean.com\/wp-content\/uploads\/2022\/06\/Iosu-en-fabrica-1024&#215;683-1.jpg\u00a0\u00bb custom_padding=\u00a0\u00bb100px|40px|100px|40px|true|true\u00a0\u00bb custom_padding_tablet=\u00a0\u00bb\u00a0\u00bb custom_padding_phone=\u00a0\u00bb60px||60px||true|false\u00a0\u00bb custom_padding_last_edited=\u00a0\u00bbon|desktop\u00a0\u00bb global_colors_info=\u00a0\u00bb{}\u00a0\u00bb][et_pb_text _builder_version=\u00a0\u00bb4.17.4&Prime; _module_preset=\u00a0\u00bbdefault\u00a0\u00bb text_text_color=\u00a0\u00bb#22272a\u00a0\u00bb text_font_size=\u00a0\u00bb16px\u00a0\u00bb text_line_height=\u00a0\u00bb0.8em\u00a0\u00bb header_3_font=\u00a0\u00bbMerriweather||||||||\u00a0\u00bb header_3_font_size=\u00a0\u00bb40px\u00a0\u00bb header_3_line_height=\u00a0\u00bb1.4em\u00a0\u00bb text_orientation=\u00a0\u00bbcenter\u00a0\u00bb max_width=\u00a0\u00bb800px\u00a0\u00bb max_width_tablet=\u00a0\u00bb600px\u00a0\u00bb max_width_phone=\u00a0\u00bb400px\u00a0\u00bb max_width_last_edited=\u00a0\u00bbon|phone\u00a0\u00bb module_alignment=\u00a0\u00bbcenter\u00a0\u00bb custom_padding=\u00a0\u00bb0px|||||\u00a0\u00bb header_3_font_size_tablet=\u00a0\u00bb36px\u00a0\u00bb header_3_font_size_phone=\u00a0\u00bb24px\u00a0\u00bb header_3_font_size_last_edited=\u00a0\u00bbon|desktop\u00a0\u00bb locked=\u00a0\u00bboff\u00a0\u00bb inline_fonts=\u00a0\u00bbSignika,Actor,Inter\u00a0\u00bb global_colors_info=\u00a0\u00bb{}\u00a0\u00bb]<\/p>\n<h3 style=\"text-align: center;\"><span style=\"font-family: Inter; font-weight: medium;\">Que r\u00e9sout-il?<\/span><\/h3>\n<ul>\n<li style=\"text-align: left;\">D\u00e9tecter et \u00e9liminer les causes des inefficacit\u00e9s ou des probl\u00e8mes.<\/li>\n<li style=\"text-align: left;\">R\u00e9duire les rejets<\/li>\n<li style=\"text-align: left;\">Mettre en \u0153uvre des solutions durables aux probl\u00e8mes<\/li>\n<li style=\"text-align: left;\">Changement culturel vers l&rsquo;am\u00e9lioration continue<\/li>\n<\/ul>\n<p>[\/et_pb_text][et_pb_text _builder_version=\u00a0\u00bb4.17.4&Prime; _module_preset=\u00a0\u00bbdefault\u00a0\u00bb text_text_color=\u00a0\u00bb#22272a\u00a0\u00bb text_font_size=\u00a0\u00bb16px\u00a0\u00bb text_line_height=\u00a0\u00bb2em\u00a0\u00bb header_3_font=\u00a0\u00bbMerriweather||||||||\u00a0\u00bb header_3_font_size=\u00a0\u00bb40px\u00a0\u00bb header_3_line_height=\u00a0\u00bb1.4em\u00a0\u00bb text_orientation=\u00a0\u00bbcenter\u00a0\u00bb max_width=\u00a0\u00bb800px\u00a0\u00bb max_width_tablet=\u00a0\u00bb600px\u00a0\u00bb max_width_phone=\u00a0\u00bb400px\u00a0\u00bb max_width_last_edited=\u00a0\u00bbon|phone\u00a0\u00bb module_alignment=\u00a0\u00bbcenter\u00a0\u00bb header_3_font_size_tablet=\u00a0\u00bb36px\u00a0\u00bb header_3_font_size_phone=\u00a0\u00bb24px\u00a0\u00bb header_3_font_size_last_edited=\u00a0\u00bbon|desktop\u00a0\u00bb locked=\u00a0\u00bboff\u00a0\u00bb inline_fonts=\u00a0\u00bbSignika,Actor,Inter\u00a0\u00bb global_colors_info=\u00a0\u00bb{}\u00a0\u00bb]<\/p>\n<h3><span style=\"font-family: Inter; font-weight: medium;\">Comment l&rsquo;appliquer?<\/span><\/h3>\n<ul>\n<li style=\"text-align: left;\">Engagement de la direction<\/li>\n<li style=\"text-align: left;\">Formation des \u00e9quipes \u00e0 l&rsquo;outil<\/li>\n<li style=\"text-align: left;\">Ateliers Kaizen ou projets d&rsquo;am\u00e9lioration avec le personnel pour identifier et \u00e9liminer les causes des probl\u00e8mes<\/li>\n<li style=\"text-align: left;\">Suivi des actions<\/li>\n<\/ul>\n<p>[\/et_pb_text][\/et_pb_column][\/et_pb_row][\/et_pb_section][et_pb_section fb_built=\u00a0\u00bb1&Prime; _builder_version=\u00a0\u00bb4.17.3&Prime; _module_preset=\u00a0\u00bbdefault\u00a0\u00bb background_color=\u00a0\u00bbrgba(216,216,216,0.24)\u00a0\u00bb min_height=\u00a0\u00bb552.7px\u00a0\u00bb custom_margin=\u00a0\u00bb2px||-4px|||\u00a0\u00bb custom_padding=\u00a0\u00bb54px|||||\u00a0\u00bb global_colors_info=\u00a0\u00bb{}\u00a0\u00bb disabled_on=\u00a0\u00bbon|on|on\u00a0\u00bb disabled=\u00a0\u00bbon\u00a0\u00bb][et_pb_row _builder_version=\u00a0\u00bb4.17.3&Prime; _module_preset=\u00a0\u00bbdefault\u00a0\u00bb global_colors_info=\u00a0\u00bb{}\u00a0\u00bb][et_pb_column type=\u00a0\u00bb4_4&Prime; _builder_version=\u00a0\u00bb4.17.3&Prime; _module_preset=\u00a0\u00bbdefault\u00a0\u00bb global_colors_info=\u00a0\u00bb{}\u00a0\u00bb][et_pb_text _builder_version=\u00a0\u00bb4.17.4&Prime; _module_preset=\u00a0\u00bbdefault\u00a0\u00bb text_text_color=\u00a0\u00bb#22272a\u00a0\u00bb text_font_size=\u00a0\u00bb16px\u00a0\u00bb text_line_height=\u00a0\u00bb2em\u00a0\u00bb header_3_font=\u00a0\u00bbMerriweather||||||||\u00a0\u00bb header_3_font_size=\u00a0\u00bb40px\u00a0\u00bb header_3_line_height=\u00a0\u00bb1.4em\u00a0\u00bb text_orientation=\u00a0\u00bbcenter\u00a0\u00bb max_width=\u00a0\u00bb800px\u00a0\u00bb max_width_tablet=\u00a0\u00bb600px\u00a0\u00bb max_width_phone=\u00a0\u00bb400px\u00a0\u00bb max_width_last_edited=\u00a0\u00bbon|phone\u00a0\u00bb module_alignment=\u00a0\u00bbcenter\u00a0\u00bb custom_padding=\u00a0\u00bb||0px|||\u00a0\u00bb header_3_font_size_tablet=\u00a0\u00bb36px\u00a0\u00bb header_3_font_size_phone=\u00a0\u00bb24px\u00a0\u00bb header_3_font_size_last_edited=\u00a0\u00bbon|desktop\u00a0\u00bb locked=\u00a0\u00bboff\u00a0\u00bb inline_fonts=\u00a0\u00bbSignika,Actor,Inter\u00a0\u00bb global_colors_info=\u00a0\u00bb{}\u00a0\u00bb]<\/p>\n<h3 style=\"text-align: center;\"><span style=\"font-family: Inter; font-weight: medium;\">Cas pratiques <\/span><\/h3>\n<p>[\/et_pb_text][\/et_pb_column][\/et_pb_row][et_pb_row _builder_version=\u00a0\u00bb4.17.3&Prime; _module_preset=\u00a0\u00bbdefault\u00a0\u00bb custom_margin=\u00a0\u00bb|auto|1px|auto||\u00a0\u00bb custom_padding=\u00a0\u00bb||0px|||\u00a0\u00bb global_colors_info=\u00a0\u00bb{}\u00a0\u00bb][et_pb_column type=\u00a0\u00bb4_4&Prime; _builder_version=\u00a0\u00bb4.17.3&Prime; _module_preset=\u00a0\u00bbdefault\u00a0\u00bb global_colors_info=\u00a0\u00bb{}\u00a0\u00bb][et_pb_blog fullwidth=\u00a0\u00bboff\u00a0\u00bb posts_number=\u00a0\u00bb3&Prime; include_categories=\u00a0\u00bb143,184&Prime; excerpt_length=\u00a0\u00bb96&Prime; show_author=\u00a0\u00bboff\u00a0\u00bb show_date=\u00a0\u00bboff\u00a0\u00bb show_pagination=\u00a0\u00bboff\u00a0\u00bb use_overlay=\u00a0\u00bbon\u00a0\u00bb overlay_icon_color=\u00a0\u00bbgcid-7d13f1ee-1cdc-410a-a54b-8b1e62457547&Prime; hover_overlay_color=\u00a0\u00bbgcid-8bddb98d-fc25-4e13-b99c-957b56a33e33&Prime; _builder_version=\u00a0\u00bb4.17.4&Prime; _module_preset=\u00a0\u00bbdefault\u00a0\u00bb header_line_height=\u00a0\u00bb1.5em\u00a0\u00bb meta_text_color=\u00a0\u00bbrgba(0,0,0,0.35)\u00a0\u00bb custom_padding=\u00a0\u00bb||0px|||\u00a0\u00bb global_colors_info=\u00a0\u00bb{%22gcid-7d13f1ee-1cdc-410a-a54b-8b1e62457547%22:%91%22overlay_icon_color%22%93,%22gcid-8bddb98d-fc25-4e13-b99c-957b56a33e33%22:%91%22hover_overlay_color%22%93}\u00a0\u00bb][\/et_pb_blog][\/et_pb_column][\/et_pb_row][et_pb_row _builder_version=\u00a0\u00bb4.17.4&Prime; _module_preset=\u00a0\u00bbdefault\u00a0\u00bb custom_padding=\u00a0\u00bb0px||0px|||\u00a0\u00bb global_colors_info=\u00a0\u00bb{}\u00a0\u00bb][et_pb_column type=\u00a0\u00bb4_4&Prime; _builder_version=\u00a0\u00bb4.17.4&Prime; _module_preset=\u00a0\u00bbdefault\u00a0\u00bb global_colors_info=\u00a0\u00bb{}\u00a0\u00bb][et_pb_text _builder_version=\u00a0\u00bb4.17.4&Prime; _module_preset=\u00a0\u00bbdefault\u00a0\u00bb text_text_color=\u00a0\u00bb#f29400&Prime; link_option_url=\u00a0\u00bbhttps:\/\/acmplean.com\/fr\/notre-travail\/cas-pratiques\/\u00a0\u00bb locked=\u00a0\u00bboff\u00a0\u00bb global_colors_info=\u00a0\u00bb{}\u00a0\u00bb]<\/p>\n<h3><strong>\u2192 <\/strong><strong>Plus cas pratiques<\/strong><\/h3>\n<p>[\/et_pb_text][\/et_pb_column][\/et_pb_row][\/et_pb_section][et_pb_section fb_built=\u00a0\u00bb1&Prime; _builder_version=\u00a0\u00bb4.17.4&Prime; _module_preset=\u00a0\u00bbdefault\u00a0\u00bb background_enable_image=\u00a0\u00bboff\u00a0\u00bb custom_margin=\u00a0\u00bb4px|||||\u00a0\u00bb custom_padding=\u00a0\u00bb54px||54px|||\u00a0\u00bb global_colors_info=\u00a0\u00bb{}\u00a0\u00bb disabled_on=\u00a0\u00bbon|on|on\u00a0\u00bb disabled=\u00a0\u00bbon\u00a0\u00bb][et_pb_row _builder_version=\u00a0\u00bb4.17.3&Prime; _module_preset=\u00a0\u00bbdefault\u00a0\u00bb custom_padding=\u00a0\u00bb26px|||||\u00a0\u00bb global_colors_info=\u00a0\u00bb{}\u00a0\u00bb][et_pb_column type=\u00a0\u00bb4_4&Prime; _builder_version=\u00a0\u00bb4.17.3&Prime; _module_preset=\u00a0\u00bbdefault\u00a0\u00bb global_colors_info=\u00a0\u00bb{}\u00a0\u00bb][et_pb_text _builder_version=\u00a0\u00bb4.17.4&Prime; _module_preset=\u00a0\u00bbdefault\u00a0\u00bb text_text_color=\u00a0\u00bb#22272a\u00a0\u00bb text_font_size=\u00a0\u00bb16px\u00a0\u00bb text_line_height=\u00a0\u00bb2em\u00a0\u00bb header_3_font=\u00a0\u00bbMerriweather||||||||\u00a0\u00bb header_3_font_size=\u00a0\u00bb40px\u00a0\u00bb header_3_line_height=\u00a0\u00bb1.4em\u00a0\u00bb text_orientation=\u00a0\u00bbcenter\u00a0\u00bb max_width=\u00a0\u00bb800px\u00a0\u00bb max_width_tablet=\u00a0\u00bb600px\u00a0\u00bb max_width_phone=\u00a0\u00bb400px\u00a0\u00bb max_width_last_edited=\u00a0\u00bbon|phone\u00a0\u00bb module_alignment=\u00a0\u00bbcenter\u00a0\u00bb custom_padding=\u00a0\u00bb0px|||||\u00a0\u00bb header_3_font_size_tablet=\u00a0\u00bb36px\u00a0\u00bb header_3_font_size_phone=\u00a0\u00bb24px\u00a0\u00bb header_3_font_size_last_edited=\u00a0\u00bbon|desktop\u00a0\u00bb locked=\u00a0\u00bboff\u00a0\u00bb inline_fonts=\u00a0\u00bbSignika,Actor,Inter\u00a0\u00bb global_colors_info=\u00a0\u00bb{}\u00a0\u00bb]<\/p>\n<h3><span style=\"font-family: Inter; font-weight: medium;\">Nouvelles et articles <\/span><\/h3>\n<p>[\/et_pb_text][et_pb_blog fullwidth=\u00a0\u00bboff\u00a0\u00bb posts_number=\u00a0\u00bb3&Prime; include_categories=\u00a0\u00bb129&Prime; excerpt_length=\u00a0\u00bb100&Prime; show_author=\u00a0\u00bboff\u00a0\u00bb show_date=\u00a0\u00bboff\u00a0\u00bb show_pagination=\u00a0\u00bboff\u00a0\u00bb use_overlay=\u00a0\u00bbon\u00a0\u00bb overlay_icon_color=\u00a0\u00bbgcid-7d13f1ee-1cdc-410a-a54b-8b1e62457547&Prime; hover_overlay_color=\u00a0\u00bbgcid-8bddb98d-fc25-4e13-b99c-957b56a33e33&Prime; hover_icon=\u00a0\u00bb&#x54;||divi||400&Prime; admin_label=\u00a0\u00bb78&Prime; _builder_version=\u00a0\u00bb4.17.4&Prime; _module_preset=\u00a0\u00bbdefault\u00a0\u00bb header_line_height=\u00a0\u00bb1.5em\u00a0\u00bb meta_text_color=\u00a0\u00bbrgba(0,0,0,0.35)\u00a0\u00bb custom_padding=\u00a0\u00bb||0px|||\u00a0\u00bb global_colors_info=\u00a0\u00bb{%22gcid-8bddb98d-fc25-4e13-b99c-957b56a33e33%22:%91%22hover_overlay_color%22%93,%22gcid-7d13f1ee-1cdc-410a-a54b-8b1e62457547%22:%91%22overlay_icon_color%22%93}\u00a0\u00bb][\/et_pb_blog][\/et_pb_column][\/et_pb_row][et_pb_row _builder_version=\u00a0\u00bb4.17.4&Prime; _module_preset=\u00a0\u00bbdefault\u00a0\u00bb custom_margin=\u00a0\u00bb-30px|auto||auto||\u00a0\u00bb custom_padding=\u00a0\u00bb6px|||||\u00a0\u00bb global_colors_info=\u00a0\u00bb{}\u00a0\u00bb][et_pb_column type=\u00a0\u00bb4_4&Prime; _builder_version=\u00a0\u00bb4.17.4&Prime; _module_preset=\u00a0\u00bbdefault\u00a0\u00bb global_colors_info=\u00a0\u00bb{}\u00a0\u00bb][et_pb_text _builder_version=\u00a0\u00bb4.17.4&Prime; _module_preset=\u00a0\u00bbdefault\u00a0\u00bb text_text_color=\u00a0\u00bb#f29400&Prime; link_option_url=\u00a0\u00bbhttps:\/\/acmplean.com\/fr\/actualite\/\u00a0\u00bb locked=\u00a0\u00bboff\u00a0\u00bb global_colors_info=\u00a0\u00bb{}\u00a0\u00bb]<\/p>\n<h3><strong>\u2192 <\/strong><strong>Voir plus des nouvelles<\/strong><\/h3>\n<p>[\/et_pb_text][\/et_pb_column][\/et_pb_row][\/et_pb_section]<\/p>\n","protected":false},"excerpt":{"rendered":"<p>R\u00e9solution de probl\u00e8mesDescription QRQC, 8D et A3 sont des m\u00e9thodologies utilis\u00e9es pour s\u2019assurer que les causes des probl\u00e8mes sont identifi\u00e9es et \u00e9limin\u00e9es syst\u00e9matiquement dans votre organisation. Le premier, QRQC de Quick Response Quality Control, est une m\u00e9thode simple d\u2019am\u00e9lioration continue pour le contr\u00f4le de qualit\u00e9 utilis\u00e9 dans les entreprises qui ont besoin de g\u00e9rer leurs [&hellip;]<\/p>\n","protected":false},"author":3,"featured_media":0,"parent":16372,"menu_order":0,"comment_status":"closed","ping_status":"closed","template":"","meta":{"_et_pb_use_builder":"on","_et_pb_old_content":"","_et_gb_content_width":"","footnotes":""},"class_list":["post-17325","page","type-page","status-publish","hentry"],"_links":{"self":[{"href":"https:\/\/acmplean.com\/fr\/wp-json\/wp\/v2\/pages\/17325","targetHints":{"allow":["GET"]}}],"collection":[{"href":"https:\/\/acmplean.com\/fr\/wp-json\/wp\/v2\/pages"}],"about":[{"href":"https:\/\/acmplean.com\/fr\/wp-json\/wp\/v2\/types\/page"}],"author":[{"embeddable":true,"href":"https:\/\/acmplean.com\/fr\/wp-json\/wp\/v2\/users\/3"}],"replies":[{"embeddable":true,"href":"https:\/\/acmplean.com\/fr\/wp-json\/wp\/v2\/comments?post=17325"}],"version-history":[{"count":3,"href":"https:\/\/acmplean.com\/fr\/wp-json\/wp\/v2\/pages\/17325\/revisions"}],"predecessor-version":[{"id":17329,"href":"https:\/\/acmplean.com\/fr\/wp-json\/wp\/v2\/pages\/17325\/revisions\/17329"}],"up":[{"embeddable":true,"href":"https:\/\/acmplean.com\/fr\/wp-json\/wp\/v2\/pages\/16372"}],"wp:attachment":[{"href":"https:\/\/acmplean.com\/fr\/wp-json\/wp\/v2\/media?parent=17325"}],"curies":[{"name":"wp","href":"https:\/\/api.w.org\/{rel}","templated":true}]}}