{"id":16682,"date":"2022-06-29T06:52:11","date_gmt":"2022-06-29T04:52:11","guid":{"rendered":"https:\/\/desarrolloweb.cistec.es\/acmplean\/services\/conseil-pour-lamelioration-de-lefficience\/efficience-des-processus\/5s\/"},"modified":"2022-11-29T10:08:14","modified_gmt":"2022-11-29T08:08:14","slug":"5s","status":"publish","type":"page","link":"https:\/\/acmplean.com\/fr\/services\/conseil-pour-lamelioration-de-lefficience\/efficience-des-processus\/5s\/","title":{"rendered":"5S"},"content":{"rendered":"<p>[et_pb_section fb_built=\u00a0\u00bb1&Prime; admin_label=\u00a0\u00bbHeader\u00a0\u00bb _builder_version=\u00a0\u00bb4.17.4&Prime; _module_preset=\u00a0\u00bbdefault\u00a0\u00bb background_color=\u00a0\u00bbRGBA(255,255,255,0)\u00a0\u00bb use_background_color_gradient=\u00a0\u00bbon\u00a0\u00bb background_color_gradient_stops=\u00a0\u00bbrgba(168,153,130,0.54) 0%|#564e43 100%\u00a0\u00bb background_color_gradient_overlays_image=\u00a0\u00bbon\u00a0\u00bb background_color_gradient_start=\u00a0\u00bb#3f3fff\u00a0\u00bb background_color_gradient_end=\u00a0\u00bbrgba(63,63,255,0.3)\u00a0\u00bb background_image=\u00a0\u00bbhttps:\/\/acmplean.com\/wp-content\/uploads\/2022\/06\/procesos-5s-2-1024&#215;512-1.jpg\u00a0\u00bb parallax=\u00a0\u00bbon\u00a0\u00bb min_height=\u00a0\u00bb336px\u00a0\u00bb custom_margin=\u00a0\u00bb0px||||false|false\u00a0\u00bb custom_padding=\u00a0\u00bb108px|||||\u00a0\u00bb global_colors_info=\u00a0\u00bb{}\u00a0\u00bb][et_pb_row _builder_version=\u00a0\u00bb4.16&Prime; _module_preset=\u00a0\u00bbdefault\u00a0\u00bb global_colors_info=\u00a0\u00bb{}\u00a0\u00bb][et_pb_column type=\u00a0\u00bb4_4&Prime; _builder_version=\u00a0\u00bb4.16&Prime; _module_preset=\u00a0\u00bbdefault\u00a0\u00bb global_colors_info=\u00a0\u00bb{}\u00a0\u00bb][et_pb_text _builder_version=\u00a0\u00bb4.17.4&Prime; _module_preset=\u00a0\u00bbdefault\u00a0\u00bb text_font_size=\u00a0\u00bb16px\u00a0\u00bb text_line_height=\u00a0\u00bb2em\u00a0\u00bb header_3_font=\u00a0\u00bbMerriweather||||||||\u00a0\u00bb header_3_font_size=\u00a0\u00bb40px\u00a0\u00bb header_3_line_height=\u00a0\u00bb1.4em\u00a0\u00bb text_orientation=\u00a0\u00bbcenter\u00a0\u00bb max_width=\u00a0\u00bb800px\u00a0\u00bb max_width_tablet=\u00a0\u00bb600px\u00a0\u00bb max_width_phone=\u00a0\u00bb400px\u00a0\u00bb max_width_last_edited=\u00a0\u00bbon|phone\u00a0\u00bb module_alignment=\u00a0\u00bbcenter\u00a0\u00bb custom_margin=\u00a0\u00bb-30px||||false|false\u00a0\u00bb header_3_font_size_tablet=\u00a0\u00bb36px\u00a0\u00bb header_3_font_size_phone=\u00a0\u00bb24px\u00a0\u00bb header_3_font_size_last_edited=\u00a0\u00bbon|desktop\u00a0\u00bb locked=\u00a0\u00bboff\u00a0\u00bb inline_fonts=\u00a0\u00bbSignika,Actor,Inter\u00a0\u00bb global_colors_info=\u00a0\u00bb{}\u00a0\u00bb content__hover_enabled=\u00a0\u00bbon|desktop\u00a0\u00bb content__hover=\u00a0\u00bb<\/p>\n<h3><span style=%22font-family: Inter; font-weight: normal; color: #ffffff;%22>5S<br \/>Organisation, rangement et habitudes durables<\/span><\/h3>\n<p><span style=%22font-family: Inter; font-weight: normal; color: #ffffff;%22><\/span><\/p>\n<p>\u00ab\u00a0]<\/p>\n<h3><span style=\"font-family: Inter; font-weight: medium; color: #ffffff;\">5S<br \/>Organisation, rangement et habitudes durables<\/span><\/h3>\n<p><span style=\"font-family: Inter; font-weight: normal; color: #ffffff;\"><\/span><\/p>\n<p>[\/et_pb_text][\/et_pb_column][\/et_pb_row][\/et_pb_section][et_pb_section fb_built=\u00a0\u00bb1&Prime; custom_padding_last_edited=\u00a0\u00bboff|desktop\u00a0\u00bb admin_label=\u00a0\u00bbContact\u00a0\u00bb _builder_version=\u00a0\u00bb4.16&Prime; _module_preset=\u00a0\u00bbdefault\u00a0\u00bb custom_padding=\u00a0\u00bb0px||2px|||\u00a0\u00bb custom_padding_phone=\u00a0\u00bb60px||60px||true|false\u00a0\u00bb global_colors_info=\u00a0\u00bb{}\u00a0\u00bb][et_pb_row column_structure=\u00a0\u00bb3_5,2_5&Prime; make_equal=\u00a0\u00bbon\u00a0\u00bb _builder_version=\u00a0\u00bb4.17.4&Prime; _module_preset=\u00a0\u00bbdefault\u00a0\u00bb background_enable_image=\u00a0\u00bboff\u00a0\u00bb width=\u00a0\u00bb100%\u00a0\u00bb max_width=\u00a0\u00bb100%\u00a0\u00bb min_height=\u00a0\u00bb491px\u00a0\u00bb custom_margin=\u00a0\u00bb|auto|-6px|auto||\u00a0\u00bb custom_padding=\u00a0\u00bb0px||0px||true|false\u00a0\u00bb global_colors_info=\u00a0\u00bb{}\u00a0\u00bb][et_pb_column type=\u00a0\u00bb3_5&Prime; _builder_version=\u00a0\u00bb4.16&Prime; _module_preset=\u00a0\u00bbdefault\u00a0\u00bb background_color=\u00a0\u00bbrgba(0,0,0,0)\u00a0\u00bb custom_padding=\u00a0\u00bb100px|40px|100px|40px|true|true\u00a0\u00bb custom_padding_tablet=\u00a0\u00bb\u00a0\u00bb custom_padding_phone=\u00a0\u00bb60px||60px||true|false\u00a0\u00bb custom_padding_last_edited=\u00a0\u00bbon|desktop\u00a0\u00bb global_colors_info=\u00a0\u00bb{}\u00a0\u00bb][et_pb_text _builder_version=\u00a0\u00bb4.17.4&Prime; _module_preset=\u00a0\u00bbdefault\u00a0\u00bb text_text_color=\u00a0\u00bb#22272a\u00a0\u00bb text_font_size=\u00a0\u00bb16px\u00a0\u00bb text_line_height=\u00a0\u00bb2em\u00a0\u00bb header_3_font=\u00a0\u00bbMerriweather||||||||\u00a0\u00bb header_3_font_size=\u00a0\u00bb40px\u00a0\u00bb header_3_line_height=\u00a0\u00bb1.4em\u00a0\u00bb text_orientation=\u00a0\u00bbcenter\u00a0\u00bb max_width=\u00a0\u00bb800px\u00a0\u00bb max_width_tablet=\u00a0\u00bb600px\u00a0\u00bb max_width_phone=\u00a0\u00bb400px\u00a0\u00bb max_width_last_edited=\u00a0\u00bbon|phone\u00a0\u00bb module_alignment=\u00a0\u00bbcenter\u00a0\u00bb custom_padding=\u00a0\u00bb||0px|||\u00a0\u00bb header_3_font_size_tablet=\u00a0\u00bb36px\u00a0\u00bb header_3_font_size_phone=\u00a0\u00bb24px\u00a0\u00bb header_3_font_size_last_edited=\u00a0\u00bbon|desktop\u00a0\u00bb locked=\u00a0\u00bboff\u00a0\u00bb inline_fonts=\u00a0\u00bbSignika,Actor,Inter\u00a0\u00bb global_colors_info=\u00a0\u00bb{}\u00a0\u00bb]<\/p>\n<h3 style=\"text-align: left;\"><span style=\"font-family: Inter; font-weight: medium;\">Description <\/span><\/h3>\n<p style=\"text-align: left;\">M\u00e9thodologie indispensable et obligatoire dans la mise en \u0153uvre du syst\u00e8me Lean qui permet d\u2019obtenir des environnements de travail <strong>s\u00fbrs, organis\u00e9s, rang\u00e9s et propres de forme permanente dans le temps.<\/strong> La m\u00e9thodologie 5S diminue les op\u00e9rations sans valeur, am\u00e9liore la qualit\u00e9 et donc r\u00e9duit les co\u00fbts. L\u2019objectif est que le personnel dispose, sur son lieu de travail, uniquement des outils et mati\u00e8res n\u00e9cessaires \u00e0 la fabrication actuelle, de plus, accessible et en parfait \u00e9tat d\u2019utilisation, de mani\u00e8re \u00e0 pouvoir fonctionner avec le minimum de perte de temps et de mat\u00e9riel. C\u2019est une technique simple qui ne n\u00e9cessite pas de connaissances techniques complexes ou de ressources \u00e9lev\u00e9es et toute entreprise peut l\u2019int\u00e9grer \u00e0 son mod\u00e8le de gestion. 5S contribue \u00e0 obtenir une meilleure image de votre entreprise pour vos clients ainsi qu\u2019un meilleur rendement des personnes dans leur travail. Le 5S est un \u00e9l\u00e9ment indispensable pour la mise en place de la culture d\u2019am\u00e9lioration continue dans l\u2019entreprise.<\/p>\n<p>[\/et_pb_text][et_pb_button button_url=\u00a0\u00bbhttps:\/\/acmplean.com\/fr\/contact\/\u00a0\u00bb button_text=\u00a0\u00bbDemandez plus d&rsquo;informations.\u00a0\u00bb button_alignment=\u00a0\u00bbleft\u00a0\u00bb _builder_version=\u00a0\u00bb4.17.4&Prime; _module_preset=\u00a0\u00bbdefault\u00a0\u00bb custom_button=\u00a0\u00bbon\u00a0\u00bb button_bg_color=\u00a0\u00bb#f29400&Prime; background_layout=\u00a0\u00bbdark\u00a0\u00bb global_colors_info=\u00a0\u00bb{}\u00a0\u00bb][\/et_pb_button][\/et_pb_column][et_pb_column type=\u00a0\u00bb2_5&Prime; _builder_version=\u00a0\u00bb4.17.4&Prime; _module_preset=\u00a0\u00bbdefault\u00a0\u00bb background_enable_color=\u00a0\u00bboff\u00a0\u00bb use_background_color_gradient=\u00a0\u00bbon\u00a0\u00bb background_color_gradient_stops=\u00a0\u00bb#ef9e1b 0%|rgba(255,255,255,0.55) 100%\u00a0\u00bb background_color_gradient_overlays_image=\u00a0\u00bbon\u00a0\u00bb background_color_gradient_start=\u00a0\u00bb#ffce32&Prime; background_color_gradient_end=\u00a0\u00bbrgba(255,255,255,0.55)\u00a0\u00bb background_image=\u00a0\u00bbhttps:\/\/acmplean.com\/wp-content\/uploads\/2022\/06\/Iosu-en-fabrica-1024&#215;683-1.jpg\u00a0\u00bb custom_padding=\u00a0\u00bb100px|40px|100px|40px|true|true\u00a0\u00bb custom_padding_tablet=\u00a0\u00bb\u00a0\u00bb custom_padding_phone=\u00a0\u00bb60px||60px||true|false\u00a0\u00bb custom_padding_last_edited=\u00a0\u00bbon|desktop\u00a0\u00bb global_colors_info=\u00a0\u00bb{}\u00a0\u00bb][et_pb_text _builder_version=\u00a0\u00bb4.17.4&Prime; _module_preset=\u00a0\u00bbdefault\u00a0\u00bb text_text_color=\u00a0\u00bb#22272a\u00a0\u00bb text_font_size=\u00a0\u00bb16px\u00a0\u00bb text_line_height=\u00a0\u00bb2em\u00a0\u00bb header_3_font=\u00a0\u00bbMerriweather||||||||\u00a0\u00bb header_3_font_size=\u00a0\u00bb40px\u00a0\u00bb header_3_line_height=\u00a0\u00bb1.4em\u00a0\u00bb text_orientation=\u00a0\u00bbcenter\u00a0\u00bb max_width=\u00a0\u00bb800px\u00a0\u00bb max_width_tablet=\u00a0\u00bb600px\u00a0\u00bb max_width_phone=\u00a0\u00bb400px\u00a0\u00bb max_width_last_edited=\u00a0\u00bbon|phone\u00a0\u00bb module_alignment=\u00a0\u00bbcenter\u00a0\u00bb custom_padding=\u00a0\u00bb0px|||||\u00a0\u00bb header_3_font_size_tablet=\u00a0\u00bb36px\u00a0\u00bb header_3_font_size_phone=\u00a0\u00bb24px\u00a0\u00bb header_3_font_size_last_edited=\u00a0\u00bbon|desktop\u00a0\u00bb locked=\u00a0\u00bboff\u00a0\u00bb inline_fonts=\u00a0\u00bbSignika,Actor,Inter\u00a0\u00bb global_colors_info=\u00a0\u00bb{}\u00a0\u00bb]<\/p>\n<h3><span style=\"font-family: Inter; font-weight: medium;\">Que r\u00e9sout-il ?<\/span><\/h3>\n<ul>\n<li style=\"text-align: left;\">Am\u00e9lioration de la s\u00e9curit\u00e9 et r\u00e9duction des accidents.<\/li>\n<li style=\"text-align: left;\">\u00c9limination des d\u00e9chets dus aux mouvements inutiles et aux temps d\u2019arr\u00eat<\/li>\n<li style=\"text-align: left;\">D\u00e9finition et assurance de la norme de travail.<\/li>\n<li style=\"text-align: left;\">Am\u00e9lioration de la qualit\u00e9 et de la s\u00e9curit\u00e9 des produits.<\/li>\n<li style=\"text-align: left;\">Meilleur entretien des \u00e9quipements et des installations.<\/li>\n<li style=\"text-align: left;\">Augmentation de la productivit\u00e9 avec la participation de tout le personnel.<\/li>\n<\/ul>\n<p>[\/et_pb_text][et_pb_text _builder_version=\u00a0\u00bb4.17.4&Prime; _module_preset=\u00a0\u00bbdefault\u00a0\u00bb text_text_color=\u00a0\u00bb#22272a\u00a0\u00bb text_font_size=\u00a0\u00bb16px\u00a0\u00bb text_line_height=\u00a0\u00bb2em\u00a0\u00bb header_3_font=\u00a0\u00bbMerriweather||||||||\u00a0\u00bb header_3_font_size=\u00a0\u00bb40px\u00a0\u00bb header_3_line_height=\u00a0\u00bb1.4em\u00a0\u00bb text_orientation=\u00a0\u00bbcenter\u00a0\u00bb max_width=\u00a0\u00bb800px\u00a0\u00bb max_width_tablet=\u00a0\u00bb600px\u00a0\u00bb max_width_phone=\u00a0\u00bb400px\u00a0\u00bb max_width_last_edited=\u00a0\u00bbon|phone\u00a0\u00bb module_alignment=\u00a0\u00bbcenter\u00a0\u00bb header_3_font_size_tablet=\u00a0\u00bb36px\u00a0\u00bb header_3_font_size_phone=\u00a0\u00bb24px\u00a0\u00bb header_3_font_size_last_edited=\u00a0\u00bbon|desktop\u00a0\u00bb locked=\u00a0\u00bboff\u00a0\u00bb inline_fonts=\u00a0\u00bbSignika,Actor,Inter\u00a0\u00bb global_colors_info=\u00a0\u00bb{}\u00a0\u00bb]<\/p>\n<h3><span style=\"font-family: Inter; font-weight: medium;\">Comment l&rsquo;appliquer ?<\/span><\/h3>\n<ul>\n<li style=\"text-align: left;\">L&rsquo;engagement de la direction.<\/li>\n<li style=\"text-align: left;\">Communication de l&rsquo;objectif du projet \u00e0 l&rsquo;ensemble du personnel.<\/li>\n<li style=\"text-align: left;\">Atelier d&rsquo;am\u00e9lioration Kaizen dans la zone pilote.<\/li>\n<li style=\"text-align: left;\">Formation de l&rsquo;\u00e9quipe.<\/li>\n<li style=\"text-align: left;\">D\u00e9finition des normes de travail.<\/li>\n<li style=\"text-align: left;\">D\u00e9ploiement des 5S: organiser, ordonner, nettoyer et \u00e9liminer les sources de salet\u00e9, standardiser, discipliner et habituer.<\/li>\n<\/ul>\n<p>[\/et_pb_text][\/et_pb_column][\/et_pb_row][\/et_pb_section][et_pb_section fb_built=\u00a0\u00bb1&Prime; _builder_version=\u00a0\u00bb4.17.3&Prime; _module_preset=\u00a0\u00bbdefault\u00a0\u00bb background_color=\u00a0\u00bbrgba(216,216,216,0.24)\u00a0\u00bb min_height=\u00a0\u00bb552.7px\u00a0\u00bb custom_margin=\u00a0\u00bb2px||-4px|||\u00a0\u00bb custom_padding=\u00a0\u00bb54px|||||\u00a0\u00bb global_colors_info=\u00a0\u00bb{}\u00a0\u00bb disabled_on=\u00a0\u00bbon|on|on\u00a0\u00bb disabled=\u00a0\u00bbon\u00a0\u00bb][et_pb_row _builder_version=\u00a0\u00bb4.17.3&Prime; _module_preset=\u00a0\u00bbdefault\u00a0\u00bb global_colors_info=\u00a0\u00bb{}\u00a0\u00bb][et_pb_column type=\u00a0\u00bb4_4&Prime; _builder_version=\u00a0\u00bb4.17.3&Prime; _module_preset=\u00a0\u00bbdefault\u00a0\u00bb global_colors_info=\u00a0\u00bb{}\u00a0\u00bb][et_pb_text _builder_version=\u00a0\u00bb4.17.4&Prime; _module_preset=\u00a0\u00bbdefault\u00a0\u00bb text_text_color=\u00a0\u00bb#22272a\u00a0\u00bb text_font_size=\u00a0\u00bb16px\u00a0\u00bb text_line_height=\u00a0\u00bb2em\u00a0\u00bb header_3_font=\u00a0\u00bbMerriweather||||||||\u00a0\u00bb header_3_font_size=\u00a0\u00bb40px\u00a0\u00bb header_3_line_height=\u00a0\u00bb1.4em\u00a0\u00bb text_orientation=\u00a0\u00bbcenter\u00a0\u00bb max_width=\u00a0\u00bb800px\u00a0\u00bb max_width_tablet=\u00a0\u00bb600px\u00a0\u00bb max_width_phone=\u00a0\u00bb400px\u00a0\u00bb max_width_last_edited=\u00a0\u00bbon|phone\u00a0\u00bb module_alignment=\u00a0\u00bbcenter\u00a0\u00bb custom_padding=\u00a0\u00bb||0px|||\u00a0\u00bb header_3_font_size_tablet=\u00a0\u00bb36px\u00a0\u00bb header_3_font_size_phone=\u00a0\u00bb24px\u00a0\u00bb header_3_font_size_last_edited=\u00a0\u00bbon|desktop\u00a0\u00bb locked=\u00a0\u00bboff\u00a0\u00bb inline_fonts=\u00a0\u00bbSignika,Actor,Inter\u00a0\u00bb global_colors_info=\u00a0\u00bb{}\u00a0\u00bb]<\/p>\n<h3 style=\"text-align: center;\"><span style=\"font-family: Inter; font-weight: medium;\">Cas practiques<\/span><\/h3>\n<p>[\/et_pb_text][\/et_pb_column][\/et_pb_row][et_pb_row _builder_version=\u00a0\u00bb4.17.3&Prime; _module_preset=\u00a0\u00bbdefault\u00a0\u00bb global_colors_info=\u00a0\u00bb{}\u00a0\u00bb][et_pb_column type=\u00a0\u00bb4_4&Prime; _builder_version=\u00a0\u00bb4.17.3&Prime; _module_preset=\u00a0\u00bbdefault\u00a0\u00bb global_colors_info=\u00a0\u00bb{}\u00a0\u00bb][et_pb_blog fullwidth=\u00a0\u00bboff\u00a0\u00bb posts_number=\u00a0\u00bb3&Prime; include_categories=\u00a0\u00bb135,184&Prime; excerpt_length=\u00a0\u00bb100&Prime; show_author=\u00a0\u00bboff\u00a0\u00bb show_date=\u00a0\u00bboff\u00a0\u00bb use_overlay=\u00a0\u00bbon\u00a0\u00bb overlay_icon_color=\u00a0\u00bbgcid-7d13f1ee-1cdc-410a-a54b-8b1e62457547&Prime; hover_overlay_color=\u00a0\u00bbgcid-8bddb98d-fc25-4e13-b99c-957b56a33e33&Prime; hover_icon=\u00a0\u00bb&#x54;||divi||400&Prime; _builder_version=\u00a0\u00bb4.17.4&Prime; _module_preset=\u00a0\u00bbdefault\u00a0\u00bb header_line_height=\u00a0\u00bb1.5em\u00a0\u00bb meta_text_color=\u00a0\u00bbrgba(0,0,0,0.35)\u00a0\u00bb global_colors_info=\u00a0\u00bb{%22gcid-7d13f1ee-1cdc-410a-a54b-8b1e62457547%22:%91%22overlay_icon_color%22%93,%22gcid-8bddb98d-fc25-4e13-b99c-957b56a33e33%22:%91%22hover_overlay_color%22%93}\u00a0\u00bb][\/et_pb_blog][\/et_pb_column][\/et_pb_row][\/et_pb_section][et_pb_section fb_built=\u00a0\u00bb1&Prime; _builder_version=\u00a0\u00bb4.17.4&Prime; _module_preset=\u00a0\u00bbdefault\u00a0\u00bb background_enable_image=\u00a0\u00bboff\u00a0\u00bb custom_margin=\u00a0\u00bb4px|||||\u00a0\u00bb custom_padding=\u00a0\u00bb54px||54px|||\u00a0\u00bb global_colors_info=\u00a0\u00bb{}\u00a0\u00bb disabled_on=\u00a0\u00bbon|on|on\u00a0\u00bb disabled=\u00a0\u00bbon\u00a0\u00bb][et_pb_row _builder_version=\u00a0\u00bb4.17.3&Prime; _module_preset=\u00a0\u00bbdefault\u00a0\u00bb custom_padding=\u00a0\u00bb26px|||||\u00a0\u00bb global_colors_info=\u00a0\u00bb{}\u00a0\u00bb][et_pb_column type=\u00a0\u00bb4_4&Prime; _builder_version=\u00a0\u00bb4.17.3&Prime; _module_preset=\u00a0\u00bbdefault\u00a0\u00bb global_colors_info=\u00a0\u00bb{}\u00a0\u00bb][et_pb_text _builder_version=\u00a0\u00bb4.17.4&Prime; _module_preset=\u00a0\u00bbdefault\u00a0\u00bb text_text_color=\u00a0\u00bb#22272a\u00a0\u00bb text_font_size=\u00a0\u00bb16px\u00a0\u00bb text_line_height=\u00a0\u00bb2em\u00a0\u00bb header_3_font=\u00a0\u00bbMerriweather||||||||\u00a0\u00bb header_3_font_size=\u00a0\u00bb40px\u00a0\u00bb header_3_line_height=\u00a0\u00bb1.4em\u00a0\u00bb text_orientation=\u00a0\u00bbcenter\u00a0\u00bb max_width=\u00a0\u00bb800px\u00a0\u00bb max_width_tablet=\u00a0\u00bb600px\u00a0\u00bb max_width_phone=\u00a0\u00bb400px\u00a0\u00bb max_width_last_edited=\u00a0\u00bbon|phone\u00a0\u00bb module_alignment=\u00a0\u00bbcenter\u00a0\u00bb custom_padding=\u00a0\u00bb0px|||||\u00a0\u00bb header_3_font_size_tablet=\u00a0\u00bb36px\u00a0\u00bb header_3_font_size_phone=\u00a0\u00bb24px\u00a0\u00bb header_3_font_size_last_edited=\u00a0\u00bbon|desktop\u00a0\u00bb locked=\u00a0\u00bboff\u00a0\u00bb inline_fonts=\u00a0\u00bbSignika,Actor,Inter\u00a0\u00bb global_colors_info=\u00a0\u00bb{}\u00a0\u00bb]<\/p>\n<h3><span style=\"font-family: Inter; font-weight: medium;\">Nouvelles connexes<\/span><\/h3>\n<p>[\/et_pb_text][et_pb_blog fullwidth=\u00a0\u00bboff\u00a0\u00bb posts_number=\u00a0\u00bb3&Prime; include_categories=\u00a0\u00bb131,115&Prime; use_manual_excerpt=\u00a0\u00bboff\u00a0\u00bb excerpt_length=\u00a0\u00bb100&Prime; show_author=\u00a0\u00bboff\u00a0\u00bb use_overlay=\u00a0\u00bbon\u00a0\u00bb overlay_icon_color=\u00a0\u00bbgcid-7d13f1ee-1cdc-410a-a54b-8b1e62457547&Prime; hover_overlay_color=\u00a0\u00bbgcid-8bddb98d-fc25-4e13-b99c-957b56a33e33&Prime; hover_icon=\u00a0\u00bb&#x54;||divi||400&Prime; admin_label=\u00a0\u00bb78&Prime; _builder_version=\u00a0\u00bb4.17.4&Prime; _module_preset=\u00a0\u00bbdefault\u00a0\u00bb header_line_height=\u00a0\u00bb1.5em\u00a0\u00bb meta_text_color=\u00a0\u00bbrgba(0,0,0,0.35)\u00a0\u00bb global_colors_info=\u00a0\u00bb{%22gcid-7d13f1ee-1cdc-410a-a54b-8b1e62457547%22:%91%22overlay_icon_color%22%93,%22gcid-8bddb98d-fc25-4e13-b99c-957b56a33e33%22:%91%22hover_overlay_color%22%93}\u00a0\u00bb][\/et_pb_blog][\/et_pb_column][\/et_pb_row][\/et_pb_section]<\/p>\n","protected":false},"excerpt":{"rendered":"<p>5SOrganisation, rangement et habitudes durables Description M\u00e9thodologie indispensable et obligatoire dans la mise en \u0153uvre du syst\u00e8me Lean qui permet d\u2019obtenir des environnements de travail s\u00fbrs, organis\u00e9s, rang\u00e9s et propres de forme permanente dans le temps. La m\u00e9thodologie 5S diminue les op\u00e9rations sans valeur, am\u00e9liore la qualit\u00e9 et donc r\u00e9duit les co\u00fbts. L\u2019objectif est que [&hellip;]<\/p>\n","protected":false},"author":3,"featured_media":0,"parent":16665,"menu_order":0,"comment_status":"closed","ping_status":"closed","template":"","meta":{"_et_pb_use_builder":"on","_et_pb_old_content":"","_et_gb_content_width":"","footnotes":""},"class_list":["post-16682","page","type-page","status-publish","hentry"],"_links":{"self":[{"href":"https:\/\/acmplean.com\/fr\/wp-json\/wp\/v2\/pages\/16682","targetHints":{"allow":["GET"]}}],"collection":[{"href":"https:\/\/acmplean.com\/fr\/wp-json\/wp\/v2\/pages"}],"about":[{"href":"https:\/\/acmplean.com\/fr\/wp-json\/wp\/v2\/types\/page"}],"author":[{"embeddable":true,"href":"https:\/\/acmplean.com\/fr\/wp-json\/wp\/v2\/users\/3"}],"replies":[{"embeddable":true,"href":"https:\/\/acmplean.com\/fr\/wp-json\/wp\/v2\/comments?post=16682"}],"version-history":[{"count":5,"href":"https:\/\/acmplean.com\/fr\/wp-json\/wp\/v2\/pages\/16682\/revisions"}],"predecessor-version":[{"id":18599,"href":"https:\/\/acmplean.com\/fr\/wp-json\/wp\/v2\/pages\/16682\/revisions\/18599"}],"up":[{"embeddable":true,"href":"https:\/\/acmplean.com\/fr\/wp-json\/wp\/v2\/pages\/16665"}],"wp:attachment":[{"href":"https:\/\/acmplean.com\/fr\/wp-json\/wp\/v2\/media?parent=16682"}],"curies":[{"name":"wp","href":"https:\/\/api.w.org\/{rel}","templated":true}]}}