{"id":16523,"date":"2022-05-23T13:58:42","date_gmt":"2022-05-23T11:58:42","guid":{"rendered":"https:\/\/desarrolloweb.cistec.es\/acmplean\/services\/conseil-pour-lamelioration-de-lefficience\/outils-danalyse\/diagnostique\/"},"modified":"2022-11-29T09:35:41","modified_gmt":"2022-11-29T07:35:41","slug":"diagnostique","status":"publish","type":"page","link":"https:\/\/acmplean.com\/fr\/services\/conseil-pour-lamelioration-de-lefficience\/outils-danalyse\/diagnostique\/","title":{"rendered":"Diagnostique"},"content":{"rendered":"<p>[et_pb_section fb_built=\u00a0\u00bb1&Prime; admin_label=\u00a0\u00bbHeader\u00a0\u00bb _builder_version=\u00a0\u00bb4.17.4&Prime; _module_preset=\u00a0\u00bbdefault\u00a0\u00bb background_color=\u00a0\u00bbRGBA(255,255,255,0)\u00a0\u00bb use_background_color_gradient=\u00a0\u00bbon\u00a0\u00bb background_color_gradient_direction=\u00a0\u00bb162deg\u00a0\u00bb background_color_gradient_stops=\u00a0\u00bbrgba(61,53,41,0.54) 0%|rgba(86,78,67,0.69) 100%\u00a0\u00bb background_color_gradient_overlays_image=\u00a0\u00bbon\u00a0\u00bb background_color_gradient_start=\u00a0\u00bb#3f3fff\u00a0\u00bb background_color_gradient_end=\u00a0\u00bbrgba(63,63,255,0.3)\u00a0\u00bb background_image=\u00a0\u00bbhttps:\/\/acmplean.com\/wp-content\/uploads\/2022\/06\/diagnostico.jpg\u00a0\u00bb parallax=\u00a0\u00bbon\u00a0\u00bb min_height=\u00a0\u00bb400px\u00a0\u00bb custom_margin=\u00a0\u00bb0px||||false|false\u00a0\u00bb custom_padding=\u00a0\u00bb106px||||false|false\u00a0\u00bb global_colors_info=\u00a0\u00bb{}\u00a0\u00bb][et_pb_row _builder_version=\u00a0\u00bb4.17.4&Prime; _module_preset=\u00a0\u00bbdefault\u00a0\u00bb custom_margin=\u00a0\u00bb43px||||false|false\u00a0\u00bb global_colors_info=\u00a0\u00bb{}\u00a0\u00bb][et_pb_column type=\u00a0\u00bb4_4&Prime; _builder_version=\u00a0\u00bb4.16&Prime; _module_preset=\u00a0\u00bbdefault\u00a0\u00bb global_colors_info=\u00a0\u00bb{}\u00a0\u00bb][et_pb_text _builder_version=\u00a0\u00bb4.17.4&Prime; _module_preset=\u00a0\u00bbdefault\u00a0\u00bb text_font_size=\u00a0\u00bb16px\u00a0\u00bb text_line_height=\u00a0\u00bb2em\u00a0\u00bb header_3_font=\u00a0\u00bbInter||||||||\u00a0\u00bb header_3_font_size=\u00a0\u00bb40px\u00a0\u00bb header_3_line_height=\u00a0\u00bb1.4em\u00a0\u00bb text_orientation=\u00a0\u00bbcenter\u00a0\u00bb max_width=\u00a0\u00bb800px\u00a0\u00bb max_width_tablet=\u00a0\u00bb600px\u00a0\u00bb max_width_phone=\u00a0\u00bb400px\u00a0\u00bb max_width_last_edited=\u00a0\u00bbon|phone\u00a0\u00bb module_alignment=\u00a0\u00bbcenter\u00a0\u00bb header_3_font_size_tablet=\u00a0\u00bb36px\u00a0\u00bb header_3_font_size_phone=\u00a0\u00bb24px\u00a0\u00bb header_3_font_size_last_edited=\u00a0\u00bbon|desktop\u00a0\u00bb locked=\u00a0\u00bboff\u00a0\u00bb inline_fonts=\u00a0\u00bbSignika,Actor,Inter\u00a0\u00bb global_colors_info=\u00a0\u00bb{}\u00a0\u00bb]<\/p>\n<h3><span style=\"font-family: Inter; font-weight: medium; color: #ffffff;\">Diagnostique<\/span><\/h3>\n<p>[\/et_pb_text][\/et_pb_column][\/et_pb_row][\/et_pb_section][et_pb_section fb_built=\u00a0\u00bb1&Prime; custom_padding_last_edited=\u00a0\u00bboff|desktop\u00a0\u00bb admin_label=\u00a0\u00bbContact\u00a0\u00bb _builder_version=\u00a0\u00bb4.16&Prime; _module_preset=\u00a0\u00bbdefault\u00a0\u00bb custom_padding=\u00a0\u00bb0px||2px|||\u00a0\u00bb custom_padding_phone=\u00a0\u00bb60px||60px||true|false\u00a0\u00bb global_colors_info=\u00a0\u00bb{}\u00a0\u00bb][et_pb_row column_structure=\u00a0\u00bb3_5,2_5&Prime; make_equal=\u00a0\u00bbon\u00a0\u00bb _builder_version=\u00a0\u00bb4.17.4&Prime; _module_preset=\u00a0\u00bbdefault\u00a0\u00bb background_enable_image=\u00a0\u00bboff\u00a0\u00bb width=\u00a0\u00bb100%\u00a0\u00bb max_width=\u00a0\u00bb100%\u00a0\u00bb min_height=\u00a0\u00bb491px\u00a0\u00bb custom_margin=\u00a0\u00bb|auto|-6px|auto||\u00a0\u00bb custom_padding=\u00a0\u00bb0px||0px||true|false\u00a0\u00bb global_colors_info=\u00a0\u00bb{}\u00a0\u00bb][et_pb_column type=\u00a0\u00bb3_5&Prime; _builder_version=\u00a0\u00bb4.16&Prime; _module_preset=\u00a0\u00bbdefault\u00a0\u00bb background_color=\u00a0\u00bbrgba(0,0,0,0)\u00a0\u00bb custom_padding=\u00a0\u00bb100px|40px|100px|40px|true|true\u00a0\u00bb custom_padding_tablet=\u00a0\u00bb\u00a0\u00bb custom_padding_phone=\u00a0\u00bb60px||60px||true|false\u00a0\u00bb custom_padding_last_edited=\u00a0\u00bbon|desktop\u00a0\u00bb global_colors_info=\u00a0\u00bb{}\u00a0\u00bb][et_pb_text _builder_version=\u00a0\u00bb4.17.4&Prime; _module_preset=\u00a0\u00bbdefault\u00a0\u00bb text_text_color=\u00a0\u00bb#22272a\u00a0\u00bb text_font_size=\u00a0\u00bb16px\u00a0\u00bb text_line_height=\u00a0\u00bb2em\u00a0\u00bb header_3_font=\u00a0\u00bbMerriweather||||||||\u00a0\u00bb header_3_font_size=\u00a0\u00bb40px\u00a0\u00bb header_3_line_height=\u00a0\u00bb1.4em\u00a0\u00bb text_orientation=\u00a0\u00bbcenter\u00a0\u00bb max_width=\u00a0\u00bb800px\u00a0\u00bb max_width_tablet=\u00a0\u00bb600px\u00a0\u00bb max_width_phone=\u00a0\u00bb400px\u00a0\u00bb max_width_last_edited=\u00a0\u00bbon|phone\u00a0\u00bb module_alignment=\u00a0\u00bbcenter\u00a0\u00bb custom_padding=\u00a0\u00bb||0px|||\u00a0\u00bb header_3_font_size_tablet=\u00a0\u00bb36px\u00a0\u00bb header_3_font_size_phone=\u00a0\u00bb24px\u00a0\u00bb header_3_font_size_last_edited=\u00a0\u00bbon|desktop\u00a0\u00bb locked=\u00a0\u00bboff\u00a0\u00bb inline_fonts=\u00a0\u00bbSignika,Actor,Inter\u00a0\u00bb global_colors_info=\u00a0\u00bb{}\u00a0\u00bb]<\/p>\n<h3 style=\"text-align: left;\"><span style=\"font-family: Inter; font-weight: medium;\">Description<\/span><\/h3>\n<p style=\"text-align: left;\"><span>Outil d\u2019analyse permettant d\u2019\u00e9valuer <\/span><strong><span> <\/span> la situation de l&rsquo;organisation, d\u00e9tecter les points \u00e0 am\u00e9liorer et r\u00e9soudre les probl\u00e8mes,<\/strong><span>, tant au niveau <\/span><strong>organisationnel<\/strong><span> qu&rsquo;au niveau <\/span><strong>du fonctionnement<\/strong><span> des processus des zones de production et de support.<\/span><\/p>\n<p style=\"text-align: left;\"><span> L&rsquo;objectif de l&rsquo;\u00e9tude n&rsquo;est autre que de d\u00e9velopper un plan d&rsquo;action prioritaire qui contribue \u00e0 am\u00e9liorer la capacit\u00e9 concurrentielle de l&rsquo;organisation.<\/span><\/p>\n<p>[\/et_pb_text][et_pb_button button_url=\u00a0\u00bbhttps:\/\/acmplean.com\/fr\/contact\/\u00a0\u00bb url_new_window=\u00a0\u00bbon\u00a0\u00bb button_text=\u00a0\u00bbDemandez plus d&rsquo;informations.\u00a0\u00bb button_alignment=\u00a0\u00bbleft\u00a0\u00bb _builder_version=\u00a0\u00bb4.17.4&Prime; _module_preset=\u00a0\u00bbdefault\u00a0\u00bb custom_button=\u00a0\u00bbon\u00a0\u00bb button_text_size=\u00a0\u00bb14px\u00a0\u00bb button_text_color=\u00a0\u00bb#ffffff\u00a0\u00bb button_bg_color=\u00a0\u00bb#f29400&Prime; button_border_width=\u00a0\u00bb0px\u00a0\u00bb button_border_radius=\u00a0\u00bb0px\u00a0\u00bb button_letter_spacing=\u00a0\u00bb1px\u00a0\u00bb button_font=\u00a0\u00bb|700||on|||||\u00a0\u00bb custom_padding=\u00a0\u00bb16px|28px|16px|28px|true|true\u00a0\u00bb locked=\u00a0\u00bboff\u00a0\u00bb global_colors_info=\u00a0\u00bb{}\u00a0\u00bb box_shadow_color__hover=\u00a0\u00bb#2585b2&Prime; box_shadow_blur__hover_enabled=\u00a0\u00bbon\u00a0\u00bb box_shadow_blur__hover=\u00a0\u00bb40px\u00a0\u00bb box_shadow_vertical__hover_enabled=\u00a0\u00bbon\u00a0\u00bb box_shadow_vertical__hover=\u00a0\u00bb20px\u00a0\u00bb][\/et_pb_button][\/et_pb_column][et_pb_column type=\u00a0\u00bb2_5&Prime; _builder_version=\u00a0\u00bb4.17.4&Prime; _module_preset=\u00a0\u00bbdefault\u00a0\u00bb background_enable_color=\u00a0\u00bboff\u00a0\u00bb use_background_color_gradient=\u00a0\u00bbon\u00a0\u00bb background_color_gradient_stops=\u00a0\u00bb#ef9e1b 0%|rgba(255,255,255,0.55) 100%\u00a0\u00bb background_color_gradient_overlays_image=\u00a0\u00bbon\u00a0\u00bb background_color_gradient_start=\u00a0\u00bb#ffce32&Prime; background_color_gradient_end=\u00a0\u00bbrgba(255,255,255,0.55)\u00a0\u00bb background_image=\u00a0\u00bbhttps:\/\/acmplean.com\/wp-content\/uploads\/2022\/06\/Iosu-en-fabrica-1024&#215;683-1.jpg\u00a0\u00bb custom_padding=\u00a0\u00bb100px|40px|100px|40px|true|true\u00a0\u00bb custom_padding_tablet=\u00a0\u00bb\u00a0\u00bb custom_padding_phone=\u00a0\u00bb60px||60px||true|false\u00a0\u00bb custom_padding_last_edited=\u00a0\u00bbon|desktop\u00a0\u00bb global_colors_info=\u00a0\u00bb{}\u00a0\u00bb][et_pb_text _builder_version=\u00a0\u00bb4.17.4&Prime; _module_preset=\u00a0\u00bbdefault\u00a0\u00bb text_text_color=\u00a0\u00bb#22272a\u00a0\u00bb text_font_size=\u00a0\u00bb16px\u00a0\u00bb text_line_height=\u00a0\u00bb2em\u00a0\u00bb header_3_font=\u00a0\u00bbMerriweather||||||||\u00a0\u00bb header_3_font_size=\u00a0\u00bb40px\u00a0\u00bb header_3_line_height=\u00a0\u00bb1.4em\u00a0\u00bb text_orientation=\u00a0\u00bbcenter\u00a0\u00bb max_width=\u00a0\u00bb800px\u00a0\u00bb max_width_tablet=\u00a0\u00bb600px\u00a0\u00bb max_width_phone=\u00a0\u00bb400px\u00a0\u00bb max_width_last_edited=\u00a0\u00bbon|phone\u00a0\u00bb module_alignment=\u00a0\u00bbcenter\u00a0\u00bb custom_padding=\u00a0\u00bb0px|||||\u00a0\u00bb header_3_font_size_tablet=\u00a0\u00bb36px\u00a0\u00bb header_3_font_size_phone=\u00a0\u00bb24px\u00a0\u00bb header_3_font_size_last_edited=\u00a0\u00bbon|desktop\u00a0\u00bb locked=\u00a0\u00bboff\u00a0\u00bb inline_fonts=\u00a0\u00bbSignika,Actor,Inter\u00a0\u00bb global_colors_info=\u00a0\u00bb{}\u00a0\u00bb]<\/p>\n<h3><span style=\"font-family: Inter; font-weight: medium;\">Que r\u00e9sout-il?<\/span><\/h3>\n<ul>\n<li style=\"text-align: left;\">Identification des inefficacit\u00e9s et des activit\u00e9s sans valeur ajout\u00e9e<\/li>\n<li style=\"text-align: left;\">D\u00e9tection des domaines \u00e0 am\u00e9liorer<\/li>\n<li style=\"text-align: left;\">Feuille de route pour l&rsquo;am\u00e9lioration continue<\/li>\n<li style=\"text-align: left;\">Adapter les ressources aux besoins des clients<\/li>\n<\/ul>\n<p>[\/et_pb_text][et_pb_text _builder_version=\u00a0\u00bb4.17.4&Prime; _module_preset=\u00a0\u00bbdefault\u00a0\u00bb text_text_color=\u00a0\u00bb#22272a\u00a0\u00bb text_font_size=\u00a0\u00bb16px\u00a0\u00bb text_line_height=\u00a0\u00bb2em\u00a0\u00bb header_3_font=\u00a0\u00bbMerriweather||||||||\u00a0\u00bb header_3_font_size=\u00a0\u00bb40px\u00a0\u00bb header_3_line_height=\u00a0\u00bb1.4em\u00a0\u00bb text_orientation=\u00a0\u00bbcenter\u00a0\u00bb max_width=\u00a0\u00bb800px\u00a0\u00bb max_width_tablet=\u00a0\u00bb600px\u00a0\u00bb max_width_phone=\u00a0\u00bb400px\u00a0\u00bb max_width_last_edited=\u00a0\u00bbon|phone\u00a0\u00bb module_alignment=\u00a0\u00bbcenter\u00a0\u00bb header_3_font_size_tablet=\u00a0\u00bb36px\u00a0\u00bb header_3_font_size_phone=\u00a0\u00bb24px\u00a0\u00bb header_3_font_size_last_edited=\u00a0\u00bbon|desktop\u00a0\u00bb locked=\u00a0\u00bboff\u00a0\u00bb inline_fonts=\u00a0\u00bbSignika,Actor,Inter\u00a0\u00bb global_colors_info=\u00a0\u00bb{}\u00a0\u00bb]<\/p>\n<h3><span style=\"font-family: Inter; font-weight: medium;\">Comment l&rsquo;appliquer?<\/span><\/h3>\n<ul>\n<li style=\"text-align: left;\">Collecte et analyse des informations<\/li>\n<li style=\"text-align: left;\">Pr\u00e9paration du rapport de diagnostic<\/li>\n<li style=\"text-align: left;\">Proposition de plan d&rsquo;action<\/li>\n<\/ul>\n<p>[\/et_pb_text][\/et_pb_column][\/et_pb_row][\/et_pb_section][et_pb_section fb_built=\u00a0\u00bb1&Prime; _builder_version=\u00a0\u00bb4.17.4&Prime; _module_preset=\u00a0\u00bbdefault\u00a0\u00bb background_color=\u00a0\u00bbrgba(216,216,216,0.24)\u00a0\u00bb background_enable_image=\u00a0\u00bboff\u00a0\u00bb custom_margin=\u00a0\u00bb4px|||||\u00a0\u00bb custom_padding=\u00a0\u00bb54px||54px|||\u00a0\u00bb global_colors_info=\u00a0\u00bb{}\u00a0\u00bb disabled_on=\u00a0\u00bbon|on|on\u00a0\u00bb disabled=\u00a0\u00bbon\u00a0\u00bb][et_pb_row _builder_version=\u00a0\u00bb4.17.3&Prime; _module_preset=\u00a0\u00bbdefault\u00a0\u00bb custom_padding=\u00a0\u00bb26px|||||\u00a0\u00bb global_colors_info=\u00a0\u00bb{}\u00a0\u00bb][et_pb_column type=\u00a0\u00bb4_4&Prime; _builder_version=\u00a0\u00bb4.17.3&Prime; _module_preset=\u00a0\u00bbdefault\u00a0\u00bb global_colors_info=\u00a0\u00bb{}\u00a0\u00bb][et_pb_text _builder_version=\u00a0\u00bb4.17.4&Prime; _module_preset=\u00a0\u00bbdefault\u00a0\u00bb text_text_color=\u00a0\u00bb#22272a\u00a0\u00bb text_font_size=\u00a0\u00bb16px\u00a0\u00bb text_line_height=\u00a0\u00bb2em\u00a0\u00bb header_3_font=\u00a0\u00bbMerriweather||||||||\u00a0\u00bb header_3_font_size=\u00a0\u00bb40px\u00a0\u00bb header_3_line_height=\u00a0\u00bb1.4em\u00a0\u00bb text_orientation=\u00a0\u00bbcenter\u00a0\u00bb max_width=\u00a0\u00bb800px\u00a0\u00bb max_width_tablet=\u00a0\u00bb600px\u00a0\u00bb max_width_phone=\u00a0\u00bb400px\u00a0\u00bb max_width_last_edited=\u00a0\u00bbon|phone\u00a0\u00bb module_alignment=\u00a0\u00bbcenter\u00a0\u00bb custom_padding=\u00a0\u00bb0px|||||\u00a0\u00bb header_3_font_size_tablet=\u00a0\u00bb36px\u00a0\u00bb header_3_font_size_phone=\u00a0\u00bb24px\u00a0\u00bb header_3_font_size_last_edited=\u00a0\u00bbon|desktop\u00a0\u00bb locked=\u00a0\u00bboff\u00a0\u00bb inline_fonts=\u00a0\u00bbSignika,Actor,Inter\u00a0\u00bb global_colors_info=\u00a0\u00bb{}\u00a0\u00bb]<\/p>\n<h3><span style=\"font-family: Inter; font-weight: medium;\">Cas pratiques<\/span><\/h3>\n<p>[\/et_pb_text][et_pb_blog fullwidth=\u00a0\u00bboff\u00a0\u00bb posts_number=\u00a0\u00bb3&Prime; include_categories=\u00a0\u00bb23&Prime; excerpt_length=\u00a0\u00bb120&Prime; show_author=\u00a0\u00bboff\u00a0\u00bb show_date=\u00a0\u00bboff\u00a0\u00bb use_overlay=\u00a0\u00bbon\u00a0\u00bb overlay_icon_color=\u00a0\u00bb#f29400&Prime; hover_overlay_color=\u00a0\u00bbrgba(86,78,67,0.69)\u00a0\u00bb hover_icon=\u00a0\u00bb&#x54;||divi||400&Prime; admin_label=\u00a0\u00bb78&Prime; _builder_version=\u00a0\u00bb4.17.4&Prime; _module_preset=\u00a0\u00bbdefault\u00a0\u00bb header_line_height=\u00a0\u00bb1.5em\u00a0\u00bb meta_text_color=\u00a0\u00bbrgba(0,0,0,0.35)\u00a0\u00bb global_colors_info=\u00a0\u00bb{}\u00a0\u00bb][\/et_pb_blog][\/et_pb_column][\/et_pb_row][\/et_pb_section][et_pb_section fb_built=\u00a0\u00bb1&Prime; _builder_version=\u00a0\u00bb4.17.4&Prime; _module_preset=\u00a0\u00bbdefault\u00a0\u00bb background_enable_color=\u00a0\u00bboff\u00a0\u00bb min_height=\u00a0\u00bb552.7px\u00a0\u00bb custom_margin=\u00a0\u00bb2px||-4px|||\u00a0\u00bb custom_padding=\u00a0\u00bb54px|||||\u00a0\u00bb global_colors_info=\u00a0\u00bb{}\u00a0\u00bb disabled_on=\u00a0\u00bbon|on|on\u00a0\u00bb disabled=\u00a0\u00bbon\u00a0\u00bb][et_pb_row _builder_version=\u00a0\u00bb4.17.3&Prime; _module_preset=\u00a0\u00bbdefault\u00a0\u00bb global_colors_info=\u00a0\u00bb{}\u00a0\u00bb][et_pb_column type=\u00a0\u00bb4_4&Prime; _builder_version=\u00a0\u00bb4.17.3&Prime; _module_preset=\u00a0\u00bbdefault\u00a0\u00bb global_colors_info=\u00a0\u00bb{}\u00a0\u00bb][et_pb_text _builder_version=\u00a0\u00bb4.17.4&Prime; _module_preset=\u00a0\u00bbdefault\u00a0\u00bb text_text_color=\u00a0\u00bb#22272a\u00a0\u00bb text_font_size=\u00a0\u00bb16px\u00a0\u00bb text_line_height=\u00a0\u00bb2em\u00a0\u00bb header_3_font=\u00a0\u00bbMerriweather||||||||\u00a0\u00bb header_3_font_size=\u00a0\u00bb40px\u00a0\u00bb header_3_line_height=\u00a0\u00bb1.4em\u00a0\u00bb text_orientation=\u00a0\u00bbcenter\u00a0\u00bb max_width=\u00a0\u00bb800px\u00a0\u00bb max_width_tablet=\u00a0\u00bb600px\u00a0\u00bb max_width_phone=\u00a0\u00bb400px\u00a0\u00bb max_width_last_edited=\u00a0\u00bbon|phone\u00a0\u00bb module_alignment=\u00a0\u00bbcenter\u00a0\u00bb custom_padding=\u00a0\u00bb||0px|||\u00a0\u00bb header_3_font_size_tablet=\u00a0\u00bb36px\u00a0\u00bb header_3_font_size_phone=\u00a0\u00bb24px\u00a0\u00bb header_3_font_size_last_edited=\u00a0\u00bbon|desktop\u00a0\u00bb locked=\u00a0\u00bboff\u00a0\u00bb inline_fonts=\u00a0\u00bbSignika,Actor,Inter\u00a0\u00bb global_colors_info=\u00a0\u00bb{}\u00a0\u00bb]<\/p>\n<h3 style=\"text-align: center;\"><span style=\"font-family: Inter; font-weight: medium;\">Actualit\u00e9<\/span><\/h3>\n<p>[\/et_pb_text][\/et_pb_column][\/et_pb_row][et_pb_row _builder_version=\u00a0\u00bb4.17.3&Prime; _module_preset=\u00a0\u00bbdefault\u00a0\u00bb global_colors_info=\u00a0\u00bb{}\u00a0\u00bb][et_pb_column type=\u00a0\u00bb4_4&Prime; _builder_version=\u00a0\u00bb4.17.3&Prime; _module_preset=\u00a0\u00bbdefault\u00a0\u00bb global_colors_info=\u00a0\u00bb{}\u00a0\u00bb][et_pb_blog fullwidth=\u00a0\u00bboff\u00a0\u00bb posts_number=\u00a0\u00bb3&Prime; include_categories=\u00a0\u00bb4,5,9,6&Prime; show_author=\u00a0\u00bboff\u00a0\u00bb use_overlay=\u00a0\u00bbon\u00a0\u00bb overlay_icon_color=\u00a0\u00bb#f29400&Prime; hover_overlay_color=\u00a0\u00bbRGBA(86,78,67,0.69)\u00a0\u00bb hover_icon=\u00a0\u00bb&#x54;||divi||400&Prime; _builder_version=\u00a0\u00bb4.17.4&Prime; _module_preset=\u00a0\u00bbdefault\u00a0\u00bb header_line_height=\u00a0\u00bb1.5em\u00a0\u00bb meta_text_color=\u00a0\u00bbrgba(0,0,0,0.35)\u00a0\u00bb global_colors_info=\u00a0\u00bb{}\u00a0\u00bb][\/et_pb_blog][\/et_pb_column][\/et_pb_row][\/et_pb_section]<\/p>\n","protected":false},"excerpt":{"rendered":"<p>DiagnostiqueDescription Outil d\u2019analyse permettant d\u2019\u00e9valuer la situation de l&rsquo;organisation, d\u00e9tecter les points \u00e0 am\u00e9liorer et r\u00e9soudre les probl\u00e8mes,, tant au niveau organisationnel qu&rsquo;au niveau du fonctionnement des processus des zones de production et de support. L&rsquo;objectif de l&rsquo;\u00e9tude n&rsquo;est autre que de d\u00e9velopper un plan d&rsquo;action prioritaire qui contribue \u00e0 am\u00e9liorer la capacit\u00e9 concurrentielle de [&hellip;]<\/p>\n","protected":false},"author":3,"featured_media":0,"parent":16351,"menu_order":0,"comment_status":"closed","ping_status":"closed","template":"","meta":{"_et_pb_use_builder":"on","_et_pb_old_content":"","_et_gb_content_width":"","footnotes":""},"class_list":["post-16523","page","type-page","status-publish","hentry"],"_links":{"self":[{"href":"https:\/\/acmplean.com\/fr\/wp-json\/wp\/v2\/pages\/16523","targetHints":{"allow":["GET"]}}],"collection":[{"href":"https:\/\/acmplean.com\/fr\/wp-json\/wp\/v2\/pages"}],"about":[{"href":"https:\/\/acmplean.com\/fr\/wp-json\/wp\/v2\/types\/page"}],"author":[{"embeddable":true,"href":"https:\/\/acmplean.com\/fr\/wp-json\/wp\/v2\/users\/3"}],"replies":[{"embeddable":true,"href":"https:\/\/acmplean.com\/fr\/wp-json\/wp\/v2\/comments?post=16523"}],"version-history":[{"count":14,"href":"https:\/\/acmplean.com\/fr\/wp-json\/wp\/v2\/pages\/16523\/revisions"}],"predecessor-version":[{"id":18556,"href":"https:\/\/acmplean.com\/fr\/wp-json\/wp\/v2\/pages\/16523\/revisions\/18556"}],"up":[{"embeddable":true,"href":"https:\/\/acmplean.com\/fr\/wp-json\/wp\/v2\/pages\/16351"}],"wp:attachment":[{"href":"https:\/\/acmplean.com\/fr\/wp-json\/wp\/v2\/media?parent=16523"}],"curies":[{"name":"wp","href":"https:\/\/api.w.org\/{rel}","templated":true}]}}