{"id":16172,"date":"2022-05-03T09:39:13","date_gmt":"2022-05-03T07:39:13","guid":{"rendered":"https:\/\/desarrolloweb.cistec.es\/acmplean\/contact\/"},"modified":"2026-02-16T13:11:36","modified_gmt":"2026-02-16T11:11:36","slug":"contact","status":"publish","type":"page","link":"https:\/\/acmplean.com\/fr\/contact\/","title":{"rendered":"Contact"},"content":{"rendered":"<p>[et_pb_section fb_built=\u00a0\u00bb1&Prime; _builder_version=\u00a0\u00bb4.17.4&Prime; _module_preset=\u00a0\u00bbdefault\u00a0\u00bb global_colors_info=\u00a0\u00bb{}\u00a0\u00bb][et_pb_row column_structure=\u00a0\u00bb1_2,1_2&Prime; _builder_version=\u00a0\u00bb4.17.4&Prime; _module_preset=\u00a0\u00bbdefault\u00a0\u00bb global_colors_info=\u00a0\u00bb{}\u00a0\u00bb][et_pb_column type=\u00a0\u00bb1_2&Prime; _builder_version=\u00a0\u00bb4.17.4&Prime; _module_preset=\u00a0\u00bbdefault\u00a0\u00bb global_colors_info=\u00a0\u00bb{}\u00a0\u00bb][et_pb_text _builder_version=\u00a0\u00bb4.18.0&Prime; _module_preset=\u00a0\u00bbdefault\u00a0\u00bb header_line_height=\u00a0\u00bb1.2em\u00a0\u00bb custom_margin=\u00a0\u00bb|25px|||false|false\u00a0\u00bb custom_padding=\u00a0\u00bb|27px||0px|false|false\u00a0\u00bb global_colors_info=\u00a0\u00bb{}\u00a0\u00bb]<\/p>\n<h2><strong>Contact<\/strong><\/h2>\n<p><span>Merci de visiter notre site web. Vous pouvez nous contacter via le formulaire de contact ou par e-mail. Nous nous ferons un plaisir de r\u00e9pondre \u00e0 vos besoins ou \u00e0 vos questions.<\/span><\/p>\n<p><span><\/span><\/p>\n<h5><strong>OFFICES <\/strong><\/h5>\n<p>C\/ Larrazko 91, Oficina 213<br \/>31013 Anso\u00e1in, Navarra<br \/>ESPAGNE<\/p>\n<div class=\"data-box\">\n<p class=\"sidetitle\"><strong><\/strong><\/p>\n<p class=\"sidetitle\"><strong><\/strong><\/p>\n<h5 class=\"sidetitle\"><strong><\/strong><\/h5>\n<h5 class=\"sidetitle\"><strong>EMAIL<\/strong><br \/><a href=\"mailto:info@acmplean.com\"><\/a><\/h5>\n<h5 class=\"sidetitle\"><a href=\"mailto:info@acmplean.com\">info@acmplean.com<\/a><\/h5>\n<\/div>\n<div class=\"data-box\">\n<p class=\"sidetitle\"><strong><\/strong><\/p>\n<h5 class=\"sidetitle\"><strong><\/strong><\/h5>\n<h5 class=\"sidetitle\"><strong><\/strong><\/h5>\n<h5 class=\"sidetitle\"><strong>T\u00c9L\u00c9PHONE<br \/><\/strong><a href=\"tel:+34948486003\"><\/a><\/h5>\n<h5 class=\"sidetitle\"><a href=\"tel:+34948486003\">+34 948486003<\/a><\/h5>\n<\/div>\n<div class=\"data-box\">\n<h5 class=\"sidetitle\"><strong><\/strong><\/h5>\n<h5 class=\"sidetitle\"><strong><\/strong><\/h5>\n<h5 class=\"sidetitle\"><strong><\/strong><\/h5>\n<h5 class=\"sidetitle\"><strong>SUIVEZ-NOUS \u00c0:<\/strong><\/h5>\n<\/div>\n<p>[\/et_pb_text][et_pb_social_media_follow use_icon_font_size=\u00a0\u00bbon\u00a0\u00bb icon_font_size=\u00a0\u00bb20px\u00a0\u00bb _builder_version=\u00a0\u00bb4.18.0&Prime; _module_preset=\u00a0\u00bbdefault\u00a0\u00bb background_color=\u00a0\u00bbRGBA(255,255,255,0)\u00a0\u00bb custom_button=\u00a0\u00bbon\u00a0\u00bb button_text_size=\u00a0\u00bb10px\u00a0\u00bb button_bg_color=\u00a0\u00bbRGBA(255,255,255,0)\u00a0\u00bb button_border_radius=\u00a0\u00bb8px\u00a0\u00bb button_letter_spacing=\u00a0\u00bb0px\u00a0\u00bb text_orientation=\u00a0\u00bbleft\u00a0\u00bb custom_margin=\u00a0\u00bb12px||||false|false\u00a0\u00bb custom_margin_tablet=\u00a0\u00bb-15px||||false|false\u00a0\u00bb custom_margin_phone=\u00a0\u00bb-12px||||false|false\u00a0\u00bb custom_margin_last_edited=\u00a0\u00bbon|tablet\u00a0\u00bb custom_padding=\u00a0\u00bb0px|||||\u00a0\u00bb locked=\u00a0\u00bboff\u00a0\u00bb global_colors_info=\u00a0\u00bb{}\u00a0\u00bb][et_pb_social_media_follow_network social_network=\u00a0\u00bbtwitter\u00a0\u00bb url=\u00a0\u00bbhttps:\/\/twitter.com\/ACMP_Lean\u00a0\u00bb _builder_version=\u00a0\u00bb4.17.4&Prime; _module_preset=\u00a0\u00bbdefault\u00a0\u00bb background_color=\u00a0\u00bb#f29400&Prime; background_enable_color=\u00a0\u00bbon\u00a0\u00bb global_colors_info=\u00a0\u00bb{}\u00a0\u00bb follow_button=\u00a0\u00bboff\u00a0\u00bb url_new_window=\u00a0\u00bbon\u00a0\u00bb]twitter[\/et_pb_social_media_follow_network][et_pb_social_media_follow_network social_network=\u00a0\u00bbyoutube\u00a0\u00bb _builder_version=\u00a0\u00bb4.17.4&Prime; _module_preset=\u00a0\u00bbdefault\u00a0\u00bb background_color=\u00a0\u00bb#f29400&Prime; background_enable_color=\u00a0\u00bbon\u00a0\u00bb global_colors_info=\u00a0\u00bb{}\u00a0\u00bb follow_button=\u00a0\u00bboff\u00a0\u00bb url_new_window=\u00a0\u00bbon\u00a0\u00bb]youtube[\/et_pb_social_media_follow_network][et_pb_social_media_follow_network social_network=\u00a0\u00bbrss\u00a0\u00bb url=\u00a0\u00bbhttp:\/\/acmplean.com\/feed\/\u00a0\u00bb _builder_version=\u00a0\u00bb4.17.4&Prime; _module_preset=\u00a0\u00bbdefault\u00a0\u00bb background_color=\u00a0\u00bb#f29400&Prime; background_enable_color=\u00a0\u00bbon\u00a0\u00bb global_colors_info=\u00a0\u00bb{}\u00a0\u00bb follow_button=\u00a0\u00bboff\u00a0\u00bb url_new_window=\u00a0\u00bbon\u00a0\u00bb]rss[\/et_pb_social_media_follow_network][et_pb_social_media_follow_network social_network=\u00a0\u00bblinkedin\u00a0\u00bb url=\u00a0\u00bbhttps:\/\/www.linkedin.com\/company\/profit-impact-acmp-s-l-\u00a0\u00bb _builder_version=\u00a0\u00bb4.17.4&Prime; _module_preset=\u00a0\u00bbdefault\u00a0\u00bb background_color=\u00a0\u00bb#f29400&Prime; background_enable_color=\u00a0\u00bbon\u00a0\u00bb global_colors_info=\u00a0\u00bb{}\u00a0\u00bb follow_button=\u00a0\u00bboff\u00a0\u00bb url_new_window=\u00a0\u00bbon\u00a0\u00bb]linkedin[\/et_pb_social_media_follow_network][\/et_pb_social_media_follow][\/et_pb_column][et_pb_column type=\u00a0\u00bb1_2&Prime; _builder_version=\u00a0\u00bb4.17.4&Prime; _module_preset=\u00a0\u00bbdefault\u00a0\u00bb global_colors_info=\u00a0\u00bb{}\u00a0\u00bb][et_pb_code _builder_version=\u00a0\u00bb4.18.0&Prime; _module_preset=\u00a0\u00bbdefault\u00a0\u00bb global_colors_info=\u00a0\u00bb{}\u00a0\u00bb] <\/p>\n<div class=\"data-box\"><!-- [et_pb_line_break_holder] -->        <!-- Google Maps with Google Maps API Key<!-- [et_pb_line_break_holder] -->        <?php<!-- [et_pb_line_break_holder] -->        \/* the_field(&lsquo;contact-map&rsquo;); *\/<!-- [et_pb_line_break_holder] -->        ?> &#8211;><!-- [et_pb_line_break_holder] -->        <iframe loading=\"lazy\" src=\"https:\/\/www.google.com\/maps\/embed?pb=!1m18!1m12!1m3!1d2925.7961829425103!2d-1.6479784842861853!3d42.83491897915789!2m3!1f0!2f0!3f0!3m2!1i1024!2i768!4f13.1!3m3!1m2!1s0xd5092dd20734631%3A0xc60a43ed40fd1034!2sCalle+Larrazko%2C+91%2C+31013+Anso%C3%A1in%2C+Navarra%2C+Espa%C3%B1a!5e0!3m2!1ses!2sus!4v1478391600332\" width=\"600\" height=\"450\" frameborder=\"0\" style=\"border:0\" allowfullscreen=\"\"><\/iframe><!-- [et_pb_line_break_holder] -->      <\/div>\n<p>[\/et_pb_code][\/et_pb_column][\/et_pb_row][\/et_pb_section]<\/p>\n","protected":false},"excerpt":{"rendered":"<p>Contact Merci de visiter notre site web. Vous pouvez nous contacter via le formulaire de contact ou par e-mail. Nous nous ferons un plaisir de r\u00e9pondre \u00e0 vos besoins ou \u00e0 vos questions. OFFICES C\/ Larrazko 91, Oficina 21331013 Anso\u00e1in, NavarraESPAGNE EMAIL info@acmplean.com T\u00c9L\u00c9PHONE +34 948486003 SUIVEZ-NOUS \u00c0:<\/p>\n","protected":false},"author":3,"featured_media":0,"parent":0,"menu_order":0,"comment_status":"closed","ping_status":"closed","template":"","meta":{"_et_pb_use_builder":"on","_et_pb_old_content":"","_et_gb_content_width":"","footnotes":""},"class_list":["post-16172","page","type-page","status-publish","hentry"],"_links":{"self":[{"href":"https:\/\/acmplean.com\/fr\/wp-json\/wp\/v2\/pages\/16172","targetHints":{"allow":["GET"]}}],"collection":[{"href":"https:\/\/acmplean.com\/fr\/wp-json\/wp\/v2\/pages"}],"about":[{"href":"https:\/\/acmplean.com\/fr\/wp-json\/wp\/v2\/types\/page"}],"author":[{"embeddable":true,"href":"https:\/\/acmplean.com\/fr\/wp-json\/wp\/v2\/users\/3"}],"replies":[{"embeddable":true,"href":"https:\/\/acmplean.com\/fr\/wp-json\/wp\/v2\/comments?post=16172"}],"version-history":[{"count":50,"href":"https:\/\/acmplean.com\/fr\/wp-json\/wp\/v2\/pages\/16172\/revisions"}],"predecessor-version":[{"id":17754,"href":"https:\/\/acmplean.com\/fr\/wp-json\/wp\/v2\/pages\/16172\/revisions\/17754"}],"wp:attachment":[{"href":"https:\/\/acmplean.com\/fr\/wp-json\/wp\/v2\/media?parent=16172"}],"curies":[{"name":"wp","href":"https:\/\/api.w.org\/{rel}","templated":true}]}}